{"id":83,"date":"2025-05-14T13:55:38","date_gmt":"2025-05-14T11:55:38","guid":{"rendered":"http:\/\/localhost\/?page_id=83"},"modified":"2026-03-16T10:11:03","modified_gmt":"2026-03-16T09:11:03","slug":"projekte","status":"publish","type":"page","link":"https:\/\/hci.hs-kl.de\/index.php\/projekte\/","title":{"rendered":"Projekte"},"content":{"rendered":"\t\t<div data-elementor-type=\"wp-page\" data-elementor-id=\"83\" class=\"elementor elementor-83\" data-elementor-post-type=\"page\">\n\t\t\t\t<div class=\"elementor-element elementor-element-c19eb16 e-flex e-con-boxed e-con e-parent\" data-id=\"c19eb16\" data-element_type=\"container\" data-e-type=\"container\">\n\t\t\t\t\t<div class=\"e-con-inner\">\n\t\t\t\t<div class=\"elementor-element elementor-element-a0ef540 elementor-widget elementor-widget-shortcode\" data-id=\"a0ef540\" data-element_type=\"widget\" data-e-type=\"widget\" data-widget_type=\"shortcode.default\">\n\t\t\t\t<div class=\"elementor-widget-container\">\n\t\t\t\t\t\t\t<div class=\"elementor-shortcode\"><span><span><a href=\"https:\/\/hci.hs-kl.de\/\">Home<\/a><\/span><\/span><\/div>\n\t\t\t\t\t\t<\/div>\n\t\t\t\t<\/div>\n\t\t\t\t\t<\/div>\n\t\t\t\t<\/div>\n\t\t<div class=\"elementor-element elementor-element-af043d1 e-flex e-con-boxed e-con e-parent\" data-id=\"af043d1\" data-element_type=\"container\" data-e-type=\"container\">\n\t\t\t\t\t<div class=\"e-con-inner\">\n\t\t\t\t<div class=\"elementor-element elementor-element-7da454a elementor-widget elementor-widget-spacer\" data-id=\"7da454a\" data-element_type=\"widget\" data-e-type=\"widget\" data-widget_type=\"spacer.default\">\n\t\t\t\t<div class=\"elementor-widget-container\">\n\t\t\t\t\t\t\t<div class=\"elementor-spacer\">\n\t\t\t<div class=\"elementor-spacer-inner\"><\/div>\n\t\t<\/div>\n\t\t\t\t\t\t<\/div>\n\t\t\t\t<\/div>\n\t\t\t\t<div class=\"elementor-element elementor-element-86a7e35 elementor-widget elementor-widget-heading\" data-id=\"86a7e35\" data-element_type=\"widget\" data-e-type=\"widget\" data-widget_type=\"heading.default\">\n\t\t\t\t<div class=\"elementor-widget-container\">\n\t\t\t\t\t<h1 class=\"elementor-heading-title elementor-size-default\">Unsere Projekte<\/h1>\t\t\t\t<\/div>\n\t\t\t\t<\/div>\n\t\t\t\t\t<\/div>\n\t\t\t\t<\/div>\n\t\t<div class=\"elementor-element elementor-element-1901324 e-flex e-con-boxed e-con e-parent\" data-id=\"1901324\" data-element_type=\"container\" data-e-type=\"container\">\n\t\t\t\t\t<div class=\"e-con-inner\">\n\t\t\t\t<div class=\"elementor-element elementor-element-7e37488 elementor-cta--layout-image-above elementor-cta--skin-classic elementor-animated-content elementor-bg-transform elementor-bg-transform-zoom-in elementor-widget elementor-widget-call-to-action\" data-id=\"7e37488\" data-element_type=\"widget\" data-e-type=\"widget\" fetchpriority=\"\" loading=\"\" data-widget_type=\"call-to-action.default\">\n\t\t\t\t<div class=\"elementor-widget-container\">\n\t\t\t\t\t\t\t<a class=\"elementor-cta\" href=\"https:\/\/hci.hs-kl.de\/index.php\/projekte\/craft\/\">\n\t\t\t\t\t<div class=\"elementor-cta__bg-wrapper\">\n\t\t\t\t<div class=\"elementor-cta__bg elementor-bg\" style=\"background-image: url(https:\/\/hci.hs-kl.de\/wp-content\/uploads\/2026\/01\/CRAFT-1.png);\" role=\"img\" aria-label=\"Critical Agent for Formative Thinking\"><\/div>\n\t\t\t\t<div class=\"elementor-cta__bg-overlay\"><\/div>\n\t\t\t<\/div>\n\t\t\t\t\t\t\t<div class=\"elementor-cta__content\">\n\t\t\t\t\n\t\t\t\t\t\t\t\t\t<h2 class=\"elementor-cta__title elementor-cta__content-item elementor-content-item\">\n\t\t\t\t\t\tCRAFT\t\t\t\t\t<\/h2>\n\t\t\t\t\n\t\t\t\t\t\t\t\t\t<div class=\"elementor-cta__description elementor-cta__content-item elementor-content-item\">\n\t\t\t\t\t\tKritische KI-Agenten f\u00fcr gestalterische Probleml\u00f6sungen\t\t\t\t\t<\/div>\n\t\t\t\t\n\t\t\t\t\t\t\t<\/div>\n\t\t\t\t\t\t<\/a>\n\t\t\t\t\t\t<\/div>\n\t\t\t\t<\/div>\n\t\t\t\t<div class=\"elementor-element elementor-element-c173eea elementor-cta--layout-image-above elementor-cta--skin-classic elementor-animated-content elementor-bg-transform elementor-bg-transform-zoom-in elementor-widget elementor-widget-call-to-action\" data-id=\"c173eea\" data-element_type=\"widget\" data-e-type=\"widget\" fetchpriority=\"\" loading=\"\" data-widget_type=\"call-to-action.default\">\n\t\t\t\t<div class=\"elementor-widget-container\">\n\t\t\t\t\t\t\t<a class=\"elementor-cta\" href=\"https:\/\/hci.hs-kl.de\/index.php\/projekte\/bitgridai\/\">\n\t\t\t\t\t<div class=\"elementor-cta__bg-wrapper\">\n\t\t\t\t<div class=\"elementor-cta__bg elementor-bg\" style=\"background-image: url(https:\/\/hci.hs-kl.de\/wp-content\/uploads\/2026\/03\/welcome-scaled.png);\" role=\"img\" aria-label=\"welcome\"><\/div>\n\t\t\t\t<div class=\"elementor-cta__bg-overlay\"><\/div>\n\t\t\t<\/div>\n\t\t\t\t\t\t\t<div class=\"elementor-cta__content\">\n\t\t\t\t\n\t\t\t\t\t\t\t\t\t<h2 class=\"elementor-cta__title elementor-cta__content-item elementor-content-item\">\n\t\t\t\t\t\tBitGridAI\t\t\t\t\t<\/h2>\n\t\t\t\t\n\t\t\t\t\t\t\t\t\t<div class=\"elementor-cta__description elementor-cta__content-item elementor-content-item\">\n\t\t\t\t\t\tForschungsbasiertes Energiesystem f\u00fcr menschzentrierte, transparente und erkl\u00e4rbare Smart-Home-Automatisierung\t\t\t\t\t<\/div>\n\t\t\t\t\n\t\t\t\t\t\t\t<\/div>\n\t\t\t\t\t\t<\/a>\n\t\t\t\t\t\t<\/div>\n\t\t\t\t<\/div>\n\t\t\t\t\t<\/div>\n\t\t\t\t<\/div>\n\t\t<div class=\"elementor-element elementor-element-f98b102 e-flex e-con-boxed e-con e-parent\" data-id=\"f98b102\" data-element_type=\"container\" data-e-type=\"container\">\n\t\t\t\t\t<div class=\"e-con-inner\">\n\t\t\t\t<div class=\"elementor-element elementor-element-5b4cc7d elementor-cta--layout-image-above elementor-cta--skin-classic elementor-animated-content elementor-bg-transform elementor-bg-transform-zoom-in elementor-widget elementor-widget-call-to-action\" data-id=\"5b4cc7d\" data-element_type=\"widget\" data-e-type=\"widget\" fetchpriority=\"\" loading=\"\" data-widget_type=\"call-to-action.default\">\n\t\t\t\t<div class=\"elementor-widget-container\">\n\t\t\t\t\t\t\t<a class=\"elementor-cta\" href=\"https:\/\/hci.hs-kl.de\/index.php\/projekte\/skills4chips\/\">\n\t\t\t\t\t<div class=\"elementor-cta__bg-wrapper\">\n\t\t\t\t<div class=\"elementor-cta__bg elementor-bg\" style=\"background-image: url(https:\/\/hci.hs-kl.de\/wp-content\/uploads\/2025\/08\/2-scaled.jpg);\" role=\"img\" aria-label=\"Entwicklung eines AI basierten Forschungslabor Skills4Chips mit Ki Basierter Assistenzroboter\"><\/div>\n\t\t\t\t<div class=\"elementor-cta__bg-overlay\"><\/div>\n\t\t\t<\/div>\n\t\t\t\t\t\t\t<div class=\"elementor-cta__content\">\n\t\t\t\t\n\t\t\t\t\t\t\t\t\t<h2 class=\"elementor-cta__title elementor-cta__content-item elementor-content-item\">\n\t\t\t\t\t\t#skills4chips\t\t\t\t\t<\/h2>\n\t\t\t\t\n\t\t\t\t\t\t\t\t\t<div class=\"elementor-cta__description elementor-cta__content-item elementor-content-item\">\n\t\t\t\t\t\tEntwicklung eines virtuellen Technologielabors\t\t\t\t\t<\/div>\n\t\t\t\t\n\t\t\t\t\t\t\t<\/div>\n\t\t\t\t\t\t<\/a>\n\t\t\t\t\t\t<\/div>\n\t\t\t\t<\/div>\n\t\t\t\t<div class=\"elementor-element elementor-element-2b8fe61 elementor-cta--layout-image-above elementor-cta--skin-classic elementor-animated-content elementor-bg-transform elementor-bg-transform-zoom-in elementor-widget elementor-widget-call-to-action\" data-id=\"2b8fe61\" data-element_type=\"widget\" data-e-type=\"widget\" data-widget_type=\"call-to-action.default\">\n\t\t\t\t<div class=\"elementor-widget-container\">\n\t\t\t\t\t\t\t<a class=\"elementor-cta\" href=\"https:\/\/hci.hs-kl.de\/index.php\/projekte\/mittelstand-digital-zentrum-fokus-mensch\/\">\n\t\t\t\t\t<div class=\"elementor-cta__bg-wrapper\">\n\t\t\t\t<div class=\"elementor-cta__bg elementor-bg\" style=\"background-image: url(https:\/\/hci.hs-kl.de\/wp-content\/uploads\/2025\/08\/Waesche5zu4.jpg);\" role=\"img\" aria-label=\"Mentale Modelle \u00f6kologisches Handeln\"><\/div>\n\t\t\t\t<div class=\"elementor-cta__bg-overlay\"><\/div>\n\t\t\t<\/div>\n\t\t\t\t\t\t\t<div class=\"elementor-cta__content\">\n\t\t\t\t\n\t\t\t\t\t\t\t\t\t<h2 class=\"elementor-cta__title elementor-cta__content-item elementor-content-item\">\n\t\t\t\t\t\tMittelstand-Digital <br>Zentrum Fokus Mensch\t\t\t\t\t<\/h2>\n\t\t\t\t\n\t\t\t\t\t\t\t\t\t<div class=\"elementor-cta__description elementor-cta__content-item elementor-content-item\">\n\t\t\t\t\t\tMentale Modelle \u00f6kologischen Handelns\t\t\t\t\t<\/div>\n\t\t\t\t\n\t\t\t\t\t\t\t<\/div>\n\t\t\t\t\t\t<\/a>\n\t\t\t\t\t\t<\/div>\n\t\t\t\t<\/div>\n\t\t\t\t<div class=\"elementor-element elementor-element-623cd33 elementor-cta--layout-image-above elementor-cta--skin-classic elementor-animated-content elementor-bg-transform elementor-bg-transform-zoom-in elementor-widget elementor-widget-call-to-action\" data-id=\"623cd33\" data-element_type=\"widget\" data-e-type=\"widget\" data-widget_type=\"call-to-action.default\">\n\t\t\t\t<div class=\"elementor-widget-container\">\n\t\t\t\t\t\t\t<a class=\"elementor-cta\" href=\"https:\/\/hci.hs-kl.de\/index.php\/projekte\/mint-spass\/\">\n\t\t\t\t\t<div class=\"elementor-cta__bg-wrapper\">\n\t\t\t\t<div class=\"elementor-cta__bg elementor-bg\" style=\"background-image: url(https:\/\/hci.hs-kl.de\/wp-content\/uploads\/2025\/08\/IMG_8939_5zu4-scaled.jpg);\" role=\"img\" aria-label=\"MINT SPASS - Girls Day Zweibr\u00fccken Hochschule Kaiserslautern\"><\/div>\n\t\t\t\t<div class=\"elementor-cta__bg-overlay\"><\/div>\n\t\t\t<\/div>\n\t\t\t\t\t\t\t<div class=\"elementor-cta__content\">\n\t\t\t\t\n\t\t\t\t\t\t\t\t\t<h2 class=\"elementor-cta__title elementor-cta__content-item elementor-content-item\">\n\t\t\t\t\t\tMINT-SPASS\t\t\t\t\t<\/h2>\n\t\t\t\t\n\t\t\t\t\t\t\t\t\t<div class=\"elementor-cta__description elementor-cta__content-item elementor-content-item\">\n\t\t\t\t\t\tDer S\u00fcdpfalz-Cluster f\u00fcr MINT-Bildung\t\t\t\t\t<\/div>\n\t\t\t\t\n\t\t\t\t\t\t\t<\/div>\n\t\t\t\t\t\t<\/a>\n\t\t\t\t\t\t<\/div>\n\t\t\t\t<\/div>\n\t\t\t\t\t<\/div>\n\t\t\t\t<\/div>\n\t\t<div class=\"elementor-element elementor-element-a3267e7 e-flex e-con-boxed e-con e-parent\" data-id=\"a3267e7\" data-element_type=\"container\" data-e-type=\"container\">\n\t\t\t\t\t<div class=\"e-con-inner\">\n\t\t\t\t<div class=\"elementor-element elementor-element-e2472fa elementor-cta--layout-image-above elementor-cta--skin-classic elementor-animated-content elementor-bg-transform elementor-bg-transform-zoom-in elementor-widget elementor-widget-call-to-action\" data-id=\"e2472fa\" data-element_type=\"widget\" data-e-type=\"widget\" data-widget_type=\"call-to-action.default\">\n\t\t\t\t<div class=\"elementor-widget-container\">\n\t\t\t\t\t\t\t<a class=\"elementor-cta\" href=\"https:\/\/hci.hs-kl.de\/index.php\/projekte\/forschendes-lernen\/\">\n\t\t\t\t\t<div class=\"elementor-cta__bg-wrapper\">\n\t\t\t\t<div class=\"elementor-cta__bg elementor-bg\" style=\"background-image: url(https:\/\/hci.hs-kl.de\/wp-content\/uploads\/2025\/08\/Ai-Tools.jpg);\" role=\"img\" aria-label=\"UXAI: Unterst\u00fctzung des UX Design durch AI-basierte Werkzeuge f\u00fcr Forschendes Lernen\"><\/div>\n\t\t\t\t<div class=\"elementor-cta__bg-overlay\"><\/div>\n\t\t\t<\/div>\n\t\t\t\t\t\t\t<div class=\"elementor-cta__content\">\n\t\t\t\t\n\t\t\t\t\t\t\t\t\t<h2 class=\"elementor-cta__title elementor-cta__content-item elementor-content-item\">\n\t\t\t\t\t\tForschendes Lernen SoSe 2025\t\t\t\t\t<\/h2>\n\t\t\t\t\n\t\t\t\t\t\t\t\t\t<div class=\"elementor-cta__description elementor-cta__content-item elementor-content-item\">\n\t\t\t\t\t\tUXAI: Unterst\u00fctzung des UX Design durch AI-basierte Werkzeuge\t\t\t\t\t<\/div>\n\t\t\t\t\n\t\t\t\t\t\t\t<\/div>\n\t\t\t\t\t\t<\/a>\n\t\t\t\t\t\t<\/div>\n\t\t\t\t<\/div>\n\t\t\t\t<div class=\"elementor-element elementor-element-1042929 elementor-cta--layout-image-above elementor-cta--skin-classic elementor-animated-content elementor-bg-transform elementor-bg-transform-zoom-in elementor-widget elementor-widget-call-to-action\" data-id=\"1042929\" data-element_type=\"widget\" data-e-type=\"widget\" fetchpriority=\"\" loading=\"\" data-widget_type=\"call-to-action.default\">\n\t\t\t\t<div class=\"elementor-widget-container\">\n\t\t\t\t\t\t\t<a class=\"elementor-cta\" href=\"https:\/\/hci.hs-kl.de\/index.php\/projekte\/faird\/\">\n\t\t\t\t\t<div class=\"elementor-cta__bg-wrapper\">\n\t\t\t\t<div class=\"elementor-cta__bg elementor-bg\" style=\"background-image: url(https:\/\/hci.hs-kl.de\/wp-content\/uploads\/2025\/08\/architecture.drawio-1.png);\" role=\"img\" aria-label=\"Lokale Chatanwendung FAIRD in einem Bild visualisiert\"><\/div>\n\t\t\t\t<div class=\"elementor-cta__bg-overlay\"><\/div>\n\t\t\t<\/div>\n\t\t\t\t\t\t\t<div class=\"elementor-cta__content\">\n\t\t\t\t\n\t\t\t\t\t\t\t\t\t<h2 class=\"elementor-cta__title elementor-cta__content-item elementor-content-item\">\n\t\t\t\t\t\tFAIRD\t\t\t\t\t<\/h2>\n\t\t\t\t\n\t\t\t\t\t\t\t\t\t<div class=\"elementor-cta__description elementor-cta__content-item elementor-content-item\">\n\t\t\t\t\t\tLokale Chat-Anwendung, die Fragen zu Dokumenten beantwortet\t\t\t\t\t<\/div>\n\t\t\t\t\n\t\t\t\t\t\t\t<\/div>\n\t\t\t\t\t\t<\/a>\n\t\t\t\t\t\t<\/div>\n\t\t\t\t<\/div>\n\t\t\t\t<div class=\"elementor-element elementor-element-1115101 elementor-cta--layout-image-above elementor-cta--skin-classic elementor-animated-content elementor-bg-transform elementor-bg-transform-zoom-in elementor-widget elementor-widget-call-to-action\" data-id=\"1115101\" data-element_type=\"widget\" data-e-type=\"widget\" data-widget_type=\"call-to-action.default\">\n\t\t\t\t<div class=\"elementor-widget-container\">\n\t\t\t\t\t\t\t<a class=\"elementor-cta\" href=\"https:\/\/hci.hs-kl.de\/index.php\/projekte\/odpfalz-2\/\">\n\t\t\t\t\t<div class=\"elementor-cta__bg-wrapper\">\n\t\t\t\t<div class=\"elementor-cta__bg elementor-bg\" style=\"background-image: url(https:\/\/hci.hs-kl.de\/wp-content\/uploads\/2025\/08\/IMG_7922.jpg);\" role=\"img\" aria-label=\"Eine Vorstellung des Projektes OD Pfalz 2\"><\/div>\n\t\t\t\t<div class=\"elementor-cta__bg-overlay\"><\/div>\n\t\t\t<\/div>\n\t\t\t\t\t\t\t<div class=\"elementor-cta__content\">\n\t\t\t\t\n\t\t\t\t\t\t\t\t\t<h2 class=\"elementor-cta__title elementor-cta__content-item elementor-content-item\">\n\t\t\t\t\t\tOffene Digitalisierungsallianz Pfalz II\t\t\t\t\t<\/h2>\n\t\t\t\t\n\t\t\t\t\t\t\t\t\t<div class=\"elementor-cta__description elementor-cta__content-item elementor-content-item\">\n\t\t\t\t\t\tKollaboratives Digitales Engineering\t\t\t\t\t<\/div>\n\t\t\t\t\n\t\t\t\t\t\t\t<\/div>\n\t\t\t\t\t\t<\/a>\n\t\t\t\t\t\t<\/div>\n\t\t\t\t<\/div>\n\t\t\t\t\t<\/div>\n\t\t\t\t<\/div>\n\t\t<div class=\"elementor-element elementor-element-f05d2c1 e-flex e-con-boxed e-con e-parent\" data-id=\"f05d2c1\" data-element_type=\"container\" data-e-type=\"container\">\n\t\t\t\t\t<div class=\"e-con-inner\">\n\t\t\t\t<div class=\"elementor-element elementor-element-a753ba8 elementor-widget elementor-widget-spacer\" data-id=\"a753ba8\" data-element_type=\"widget\" data-e-type=\"widget\" data-widget_type=\"spacer.default\">\n\t\t\t\t<div class=\"elementor-widget-container\">\n\t\t\t\t\t\t\t<div class=\"elementor-spacer\">\n\t\t\t<div class=\"elementor-spacer-inner\"><\/div>\n\t\t<\/div>\n\t\t\t\t\t\t<\/div>\n\t\t\t\t<\/div>\n\t\t\t\t\t<\/div>\n\t\t\t\t<\/div>\n\t\t\t\t<\/div>\n\t\t","protected":false},"excerpt":{"rendered":"<p>Unsere Projekte CRAFT Kritische KI-Agenten f\u00fcr gestalterische Probleml\u00f6sungen BitGridAI Forschungsbasiertes Energiesystem f\u00fcr menschzentrierte, transparente und erkl\u00e4rbare Smart-Home-Automatisierung #skills4chips Entwicklung eines virtuellen Technologielabors Mittelstand-Digital Zentrum Fokus Mensch Mentale Modelle \u00f6kologischen Handelns MINT-SPASS Der S\u00fcdpfalz-Cluster f\u00fcr MINT-Bildung Forschendes Lernen SoSe 2025 UXAI: Unterst\u00fctzung des UX Design durch AI-basierte Werkzeuge FAIRD Lokale Chat-Anwendung, die Fragen zu Dokumenten beantwortet&#8230;<\/p>\n","protected":false},"author":1,"featured_media":0,"parent":0,"menu_order":0,"comment_status":"closed","ping_status":"closed","template":"","meta":{"iawp_total_views":523,"footnotes":""},"class_list":["post-83","page","type-page","status-publish","hentry"],"yoast_head":"<!-- This site is optimized with the Yoast SEO plugin v27.4 - https:\/\/yoast.com\/product\/yoast-seo-wordpress\/ -->\n<title>Projekte - HCI2B-Group<\/title>\n<meta name=\"description\" content=\"Unseren aktuelle Projekte sind der AI-Chatbot FAIRD, #skills4chips, MD Zentrum Fokus Mensch, MINT-SPASS, Forschendes Lernen und OD-Pfalz II.\" \/>\n<meta name=\"robots\" content=\"index, follow, max-snippet:-1, max-image-preview:large, max-video-preview:-1\" \/>\n<link rel=\"canonical\" href=\"https:\/\/hci.hs-kl.de\/index.php\/projekte\/\u200e\" \/>\n<meta property=\"og:locale\" content=\"de_DE\" \/>\n<meta property=\"og:type\" content=\"article\" \/>\n<meta property=\"og:title\" content=\"Projekte - HCI2B-Group\" \/>\n<meta property=\"og:description\" content=\"Unseren aktuelle Projekte sind der AI-Chatbot FAIRD, #skills4chips, MD Zentrum Fokus Mensch, MINT-SPASS, Forschendes Lernen und OD-Pfalz II.\" \/>\n<meta property=\"og:url\" content=\"https:\/\/hci.hs-kl.de\/index.php\/projekte\/\u200e\" \/>\n<meta property=\"og:site_name\" content=\"HCI2B-Group\" \/>\n<meta property=\"article:modified_time\" content=\"2026-03-16T09:11:03+00:00\" \/>\n<meta name=\"twitter:card\" content=\"summary_large_image\" \/>\n<meta name=\"twitter:label1\" content=\"Gesch\u00e4tzte Lesezeit\" \/>\n\t<meta name=\"twitter:data1\" content=\"1\u00a0Minute\" \/>\n<script type=\"application\/ld+json\" class=\"yoast-schema-graph\">{\"@context\":\"https:\\\/\\\/schema.org\",\"@graph\":[{\"@type\":\"WebPage\",\"@id\":\"https:\\\/\\\/hci.hs-kl.de\\\/index.php\\\/projekte\\\/\",\"url\":\"https:\\\/\\\/hci.hs-kl.de\\\/index.php\\\/projekte\\\/%e2%80%8e\",\"name\":\"Projekte - HCI2B-Group\",\"isPartOf\":{\"@id\":\"https:\\\/\\\/hci.hs-kl.de\\\/#website\"},\"datePublished\":\"2025-05-14T11:55:38+00:00\",\"dateModified\":\"2026-03-16T09:11:03+00:00\",\"description\":\"Unseren aktuelle Projekte sind der AI-Chatbot FAIRD, #skills4chips, MD Zentrum Fokus Mensch, MINT-SPASS, Forschendes Lernen und OD-Pfalz II.\",\"breadcrumb\":{\"@id\":\"https:\\\/\\\/hci.hs-kl.de\\\/index.php\\\/projekte\\\/%e2%80%8e#breadcrumb\"},\"inLanguage\":\"de\",\"potentialAction\":[{\"@type\":\"ReadAction\",\"target\":[\"https:\\\/\\\/hci.hs-kl.de\\\/index.php\\\/projekte\\\/%e2%80%8e\"]}]},{\"@type\":\"BreadcrumbList\",\"@id\":\"https:\\\/\\\/hci.hs-kl.de\\\/index.php\\\/projekte\\\/%e2%80%8e#breadcrumb\",\"itemListElement\":[{\"@type\":\"ListItem\",\"position\":1,\"name\":\"Home\",\"item\":\"https:\\\/\\\/hci.hs-kl.de\\\/\"},{\"@type\":\"ListItem\",\"position\":2,\"name\":\"Projekte\"}]},{\"@type\":\"WebSite\",\"@id\":\"https:\\\/\\\/hci.hs-kl.de\\\/#website\",\"url\":\"https:\\\/\\\/hci.hs-kl.de\\\/\",\"name\":\"HCI2B-Group\",\"description\":\"Website der HCI2B-Group der Hochschule Kaiserslautern\",\"publisher\":{\"@id\":\"https:\\\/\\\/hci.hs-kl.de\\\/#organization\"},\"potentialAction\":[{\"@type\":\"SearchAction\",\"target\":{\"@type\":\"EntryPoint\",\"urlTemplate\":\"https:\\\/\\\/hci.hs-kl.de\\\/?s={search_term_string}\"},\"query-input\":{\"@type\":\"PropertyValueSpecification\",\"valueRequired\":true,\"valueName\":\"search_term_string\"}}],\"inLanguage\":\"de\"},{\"@type\":\"Organization\",\"@id\":\"https:\\\/\\\/hci.hs-kl.de\\\/#organization\",\"name\":\"HCI2B-Group\",\"url\":\"https:\\\/\\\/hci.hs-kl.de\\\/\",\"logo\":{\"@type\":\"ImageObject\",\"inLanguage\":\"de\",\"@id\":\"https:\\\/\\\/hci.hs-kl.de\\\/#\\\/schema\\\/logo\\\/image\\\/\",\"url\":\"https:\\\/\\\/hci.hs-kl.de\\\/wp-content\\\/uploads\\\/2025\\\/05\\\/HCI2B_blue_300dpi-1.png\",\"contentUrl\":\"https:\\\/\\\/hci.hs-kl.de\\\/wp-content\\\/uploads\\\/2025\\\/05\\\/HCI2B_blue_300dpi-1.png\",\"width\":1063,\"height\":1063,\"caption\":\"HCI2B-Group\"},\"image\":{\"@id\":\"https:\\\/\\\/hci.hs-kl.de\\\/#\\\/schema\\\/logo\\\/image\\\/\"}}]}<\/script>\n<!-- \/ Yoast SEO plugin. -->","yoast_head_json":{"title":"Projekte - HCI2B-Group","description":"Unseren aktuelle Projekte sind der AI-Chatbot FAIRD, #skills4chips, MD Zentrum Fokus Mensch, MINT-SPASS, Forschendes Lernen und OD-Pfalz II.","robots":{"index":"index","follow":"follow","max-snippet":"max-snippet:-1","max-image-preview":"max-image-preview:large","max-video-preview":"max-video-preview:-1"},"canonical":"https:\/\/hci.hs-kl.de\/index.php\/projekte\/\u200e","og_locale":"de_DE","og_type":"article","og_title":"Projekte - HCI2B-Group","og_description":"Unseren aktuelle Projekte sind der AI-Chatbot FAIRD, #skills4chips, MD Zentrum Fokus Mensch, MINT-SPASS, Forschendes Lernen und OD-Pfalz II.","og_url":"https:\/\/hci.hs-kl.de\/index.php\/projekte\/\u200e","og_site_name":"HCI2B-Group","article_modified_time":"2026-03-16T09:11:03+00:00","twitter_card":"summary_large_image","twitter_misc":{"Gesch\u00e4tzte Lesezeit":"1\u00a0Minute"},"schema":{"@context":"https:\/\/schema.org","@graph":[{"@type":"WebPage","@id":"https:\/\/hci.hs-kl.de\/index.php\/projekte\/","url":"https:\/\/hci.hs-kl.de\/index.php\/projekte\/%e2%80%8e","name":"Projekte - HCI2B-Group","isPartOf":{"@id":"https:\/\/hci.hs-kl.de\/#website"},"datePublished":"2025-05-14T11:55:38+00:00","dateModified":"2026-03-16T09:11:03+00:00","description":"Unseren aktuelle Projekte sind der AI-Chatbot FAIRD, #skills4chips, MD Zentrum Fokus Mensch, MINT-SPASS, Forschendes Lernen und OD-Pfalz II.","breadcrumb":{"@id":"https:\/\/hci.hs-kl.de\/index.php\/projekte\/%e2%80%8e#breadcrumb"},"inLanguage":"de","potentialAction":[{"@type":"ReadAction","target":["https:\/\/hci.hs-kl.de\/index.php\/projekte\/%e2%80%8e"]}]},{"@type":"BreadcrumbList","@id":"https:\/\/hci.hs-kl.de\/index.php\/projekte\/%e2%80%8e#breadcrumb","itemListElement":[{"@type":"ListItem","position":1,"name":"Home","item":"https:\/\/hci.hs-kl.de\/"},{"@type":"ListItem","position":2,"name":"Projekte"}]},{"@type":"WebSite","@id":"https:\/\/hci.hs-kl.de\/#website","url":"https:\/\/hci.hs-kl.de\/","name":"HCI2B-Group","description":"Website der HCI2B-Group der Hochschule Kaiserslautern","publisher":{"@id":"https:\/\/hci.hs-kl.de\/#organization"},"potentialAction":[{"@type":"SearchAction","target":{"@type":"EntryPoint","urlTemplate":"https:\/\/hci.hs-kl.de\/?s={search_term_string}"},"query-input":{"@type":"PropertyValueSpecification","valueRequired":true,"valueName":"search_term_string"}}],"inLanguage":"de"},{"@type":"Organization","@id":"https:\/\/hci.hs-kl.de\/#organization","name":"HCI2B-Group","url":"https:\/\/hci.hs-kl.de\/","logo":{"@type":"ImageObject","inLanguage":"de","@id":"https:\/\/hci.hs-kl.de\/#\/schema\/logo\/image\/","url":"https:\/\/hci.hs-kl.de\/wp-content\/uploads\/2025\/05\/HCI2B_blue_300dpi-1.png","contentUrl":"https:\/\/hci.hs-kl.de\/wp-content\/uploads\/2025\/05\/HCI2B_blue_300dpi-1.png","width":1063,"height":1063,"caption":"HCI2B-Group"},"image":{"@id":"https:\/\/hci.hs-kl.de\/#\/schema\/logo\/image\/"}}]}},"_links":{"self":[{"href":"https:\/\/hci.hs-kl.de\/index.php\/wp-json\/wp\/v2\/pages\/83","targetHints":{"allow":["GET"]}}],"collection":[{"href":"https:\/\/hci.hs-kl.de\/index.php\/wp-json\/wp\/v2\/pages"}],"about":[{"href":"https:\/\/hci.hs-kl.de\/index.php\/wp-json\/wp\/v2\/types\/page"}],"author":[{"embeddable":true,"href":"https:\/\/hci.hs-kl.de\/index.php\/wp-json\/wp\/v2\/users\/1"}],"replies":[{"embeddable":true,"href":"https:\/\/hci.hs-kl.de\/index.php\/wp-json\/wp\/v2\/comments?post=83"}],"version-history":[{"count":24,"href":"https:\/\/hci.hs-kl.de\/index.php\/wp-json\/wp\/v2\/pages\/83\/revisions"}],"predecessor-version":[{"id":5233,"href":"https:\/\/hci.hs-kl.de\/index.php\/wp-json\/wp\/v2\/pages\/83\/revisions\/5233"}],"wp:attachment":[{"href":"https:\/\/hci.hs-kl.de\/index.php\/wp-json\/wp\/v2\/media?parent=83"}],"curies":[{"name":"wp","href":"https:\/\/api.w.org\/{rel}","templated":true}]}}