{"id":51,"date":"2025-05-14T13:15:43","date_gmt":"2025-05-14T11:15:43","guid":{"rendered":"http:\/\/localhost\/?page_id=51"},"modified":"2025-10-27T13:27:05","modified_gmt":"2025-10-27T12:27:05","slug":"kontakt","status":"publish","type":"page","link":"https:\/\/hci.hs-kl.de\/index.php\/kontakt\/","title":{"rendered":"Kontakt"},"content":{"rendered":"\t\t<div data-elementor-type=\"wp-page\" data-elementor-id=\"51\" class=\"elementor elementor-51\" data-elementor-post-type=\"page\">\n\t\t\t\t<div class=\"elementor-element elementor-element-d6410e3 e-flex e-con-boxed e-con e-parent\" data-id=\"d6410e3\" data-element_type=\"container\" data-e-type=\"container\">\n\t\t\t\t\t<div class=\"e-con-inner\">\n\t\t\t\t<div class=\"elementor-element elementor-element-a941673 elementor-widget elementor-widget-shortcode\" data-id=\"a941673\" data-element_type=\"widget\" data-e-type=\"widget\" data-widget_type=\"shortcode.default\">\n\t\t\t\t<div class=\"elementor-widget-container\">\n\t\t\t\t\t\t\t<div class=\"elementor-shortcode\"><span><span><a href=\"https:\/\/hci.hs-kl.de\/\">Home<\/a><\/span><\/span><\/div>\n\t\t\t\t\t\t<\/div>\n\t\t\t\t<\/div>\n\t\t\t\t<div class=\"elementor-element elementor-element-8c1067e elementor-hidden-mobile elementor-widget elementor-widget-spacer\" data-id=\"8c1067e\" data-element_type=\"widget\" data-e-type=\"widget\" data-widget_type=\"spacer.default\">\n\t\t\t\t<div class=\"elementor-widget-container\">\n\t\t\t\t\t\t\t<div class=\"elementor-spacer\">\n\t\t\t<div class=\"elementor-spacer-inner\"><\/div>\n\t\t<\/div>\n\t\t\t\t\t\t<\/div>\n\t\t\t\t<\/div>\n\t\t\t\t\t<\/div>\n\t\t\t\t<\/div>\n\t\t<div class=\"elementor-element elementor-element-cf149ed e-flex e-con-boxed e-con e-parent\" data-id=\"cf149ed\" data-element_type=\"container\" data-e-type=\"container\">\n\t\t\t\t\t<div class=\"e-con-inner\">\n\t\t<div class=\"elementor-element elementor-element-900dcaa e-con-full e-flex e-con e-child\" data-id=\"900dcaa\" data-element_type=\"container\" data-e-type=\"container\">\n\t\t<div class=\"elementor-element elementor-element-5c728ed e-con-full e-flex e-con e-child\" data-id=\"5c728ed\" data-element_type=\"container\" data-e-type=\"container\">\n\t\t\t\t<div class=\"elementor-element elementor-element-abec874 elementor-widget elementor-widget-theme-site-logo elementor-widget-image\" data-id=\"abec874\" data-element_type=\"widget\" data-e-type=\"widget\" data-widget_type=\"theme-site-logo.default\">\n\t\t\t\t<div class=\"elementor-widget-container\">\n\t\t\t\t\t\t\t\t\t\t\t<a href=\"https:\/\/hci.hs-kl.de\">\n\t\t\t<img fetchpriority=\"high\" decoding=\"async\" width=\"1063\" height=\"1063\" src=\"https:\/\/hci.hs-kl.de\/wp-content\/uploads\/2025\/05\/HCI2B_blue_300dpi-1.png\" class=\"attachment-full size-full wp-image-776\" alt=\"HCI2B Logo Blau 300dpi\" srcset=\"https:\/\/hci.hs-kl.de\/wp-content\/uploads\/2025\/05\/HCI2B_blue_300dpi-1.png 1063w, https:\/\/hci.hs-kl.de\/wp-content\/uploads\/2025\/05\/HCI2B_blue_300dpi-1-300x300.png 300w, https:\/\/hci.hs-kl.de\/wp-content\/uploads\/2025\/05\/HCI2B_blue_300dpi-1-1024x1024.png 1024w, https:\/\/hci.hs-kl.de\/wp-content\/uploads\/2025\/05\/HCI2B_blue_300dpi-1-150x150.png 150w\" sizes=\"(max-width: 1063px) 100vw, 1063px\" \/>\t\t\t\t<\/a>\n\t\t\t\t\t\t\t\t\t\t\t<\/div>\n\t\t\t\t<\/div>\n\t\t\t\t<div class=\"elementor-element elementor-element-33e5ffc elementor-widget elementor-widget-heading\" data-id=\"33e5ffc\" data-element_type=\"widget\" data-e-type=\"widget\" data-widget_type=\"heading.default\">\n\t\t\t\t<div class=\"elementor-widget-container\">\n\t\t\t\t\t<h1 class=\"elementor-heading-title elementor-size-default\">Kontakt<\/h1>\t\t\t\t<\/div>\n\t\t\t\t<\/div>\n\t\t\t\t<div class=\"elementor-element elementor-element-59cdbc5 elementor-widget elementor-widget-text-editor\" data-id=\"59cdbc5\" data-element_type=\"widget\" data-e-type=\"widget\" data-widget_type=\"text-editor.default\">\n\t\t\t\t<div class=\"elementor-widget-container\">\n\t\t\t\t\t\t\t\t\t<p><strong>Hochschule Kaiserslautern<\/strong><br \/><strong>Campus Zweibr\u00fccken<\/strong><\/p>\t\t\t\t\t\t\t\t<\/div>\n\t\t\t\t<\/div>\n\t\t\t\t<div class=\"elementor-element elementor-element-1007749 elementor-tablet-align-start elementor-align-start elementor-mobile-align-start elementor-icon-list--layout-traditional elementor-list-item-link-full_width elementor-widget elementor-widget-icon-list\" data-id=\"1007749\" data-element_type=\"widget\" data-e-type=\"widget\" data-widget_type=\"icon-list.default\">\n\t\t\t\t<div class=\"elementor-widget-container\">\n\t\t\t\t\t\t\t<ul class=\"elementor-icon-list-items\">\n\t\t\t\t\t\t\t<li class=\"elementor-icon-list-item\">\n\t\t\t\t\t\t\t\t\t\t\t<span class=\"elementor-icon-list-icon\">\n\t\t\t\t\t\t\t<svg aria-hidden=\"true\" class=\"e-font-icon-svg e-fas-map-marker-alt\" viewBox=\"0 0 384 512\" xmlns=\"http:\/\/www.w3.org\/2000\/svg\"><path d=\"M172.268 501.67C26.97 291.031 0 269.413 0 192 0 85.961 85.961 0 192 0s192 85.961 192 192c0 77.413-26.97 99.031-172.268 309.67-9.535 13.774-29.93 13.773-39.464 0zM192 272c44.183 0 80-35.817 80-80s-35.817-80-80-80-80 35.817-80 80 35.817 80 80 80z\"><\/path><\/svg>\t\t\t\t\t\t<\/span>\n\t\t\t\t\t\t\t\t\t\t<span class=\"elementor-icon-list-text\">Geb\u00e4ude O, Amerikastra\u00dfe 1, 66482 Zweibr\u00fccken, Deutschland<\/span>\n\t\t\t\t\t\t\t\t\t<\/li>\n\t\t\t\t\t\t\t\t<li class=\"elementor-icon-list-item\">\n\t\t\t\t\t\t\t\t\t\t\t<a href=\"tel:+49%20631%203724%20\u2013%205346\">\n\n\t\t\t\t\t\t\t\t\t\t\t\t<span class=\"elementor-icon-list-icon\">\n\t\t\t\t\t\t\t<svg aria-hidden=\"true\" class=\"e-font-icon-svg e-fas-phone\" viewBox=\"0 0 512 512\" xmlns=\"http:\/\/www.w3.org\/2000\/svg\"><path d=\"M493.4 24.6l-104-24c-11.3-2.6-22.9 3.3-27.5 13.9l-48 112c-4.2 9.8-1.4 21.3 6.9 28l60.6 49.6c-36 76.7-98.9 140.5-177.2 177.2l-49.6-60.6c-6.8-8.3-18.2-11.1-28-6.9l-112 48C3.9 366.5-2 378.1.6 389.4l24 104C27.1 504.2 36.7 512 48 512c256.1 0 464-207.5 464-464 0-11.2-7.7-20.9-18.6-23.4z\"><\/path><\/svg>\t\t\t\t\t\t<\/span>\n\t\t\t\t\t\t\t\t\t\t<span class=\"elementor-icon-list-text\">+49 631 3724 \u2013 5346<\/span>\n\t\t\t\t\t\t\t\t\t\t\t<\/a>\n\t\t\t\t\t\t\t\t\t<\/li>\n\t\t\t\t\t\t\t\t<li class=\"elementor-icon-list-item\">\n\t\t\t\t\t\t\t\t\t\t\t<a href=\"mailto:hci@hs-kl.de\">\n\n\t\t\t\t\t\t\t\t\t\t\t\t<span class=\"elementor-icon-list-icon\">\n\t\t\t\t\t\t\t<svg aria-hidden=\"true\" class=\"e-font-icon-svg e-fas-envelope\" viewBox=\"0 0 512 512\" xmlns=\"http:\/\/www.w3.org\/2000\/svg\"><path d=\"M502.3 190.8c3.9-3.1 9.7-.2 9.7 4.7V400c0 26.5-21.5 48-48 48H48c-26.5 0-48-21.5-48-48V195.6c0-5 5.7-7.8 9.7-4.7 22.4 17.4 52.1 39.5 154.1 113.6 21.1 15.4 56.7 47.8 92.2 47.6 35.7.3 72-32.8 92.3-47.6 102-74.1 131.6-96.3 154-113.7zM256 320c23.2.4 56.6-29.2 73.4-41.4 132.7-96.3 142.8-104.7 173.4-128.7 5.8-4.5 9.2-11.5 9.2-18.9v-19c0-26.5-21.5-48-48-48H48C21.5 64 0 85.5 0 112v19c0 7.4 3.4 14.3 9.2 18.9 30.6 23.9 40.7 32.4 173.4 128.7 16.8 12.2 50.2 41.8 73.4 41.4z\"><\/path><\/svg>\t\t\t\t\t\t<\/span>\n\t\t\t\t\t\t\t\t\t\t<span class=\"elementor-icon-list-text\">hci(at)hs-kl.de<\/span>\n\t\t\t\t\t\t\t\t\t\t\t<\/a>\n\t\t\t\t\t\t\t\t\t<\/li>\n\t\t\t\t\t\t<\/ul>\n\t\t\t\t\t\t<\/div>\n\t\t\t\t<\/div>\n\t\t\t\t<\/div>\n\t\t\t\t<\/div>\n\t\t<div class=\"elementor-element elementor-element-7b08924 e-con-full e-flex e-con e-child\" data-id=\"7b08924\" data-element_type=\"container\" data-e-type=\"container\">\n\t\t\t\t<div class=\"elementor-element elementor-element-ee0d29a elementor-widget elementor-widget-image\" data-id=\"ee0d29a\" data-element_type=\"widget\" data-e-type=\"widget\" fetchpriority=\"\" loading=\"\" data-widget_type=\"image.default\">\n\t\t\t\t<div class=\"elementor-widget-container\">\n\t\t\t\t\t\t\t\t\t\t\t\t<figure class=\"wp-caption\">\n\t\t\t\t\t\t\t\t\t\t<img decoding=\"async\" width=\"436\" height=\"429\" src=\"https:\/\/hci.hs-kl.de\/wp-content\/uploads\/2025\/08\/hsklzweibruecken_campusplan.png\" class=\"attachment-full size-full wp-image-2809\" alt=\"Kontakt - Campusplan der Hochschule Kaiserslautern - Campus Zweibr\u00fccken\" srcset=\"https:\/\/hci.hs-kl.de\/wp-content\/uploads\/2025\/08\/hsklzweibruecken_campusplan.png 436w, https:\/\/hci.hs-kl.de\/wp-content\/uploads\/2025\/08\/hsklzweibruecken_campusplan-300x295.png 300w\" sizes=\"(max-width: 436px) 100vw, 436px\" \/>\t\t\t\t\t\t\t\t\t\t\t<figcaption class=\"widget-image-caption wp-caption-text\">Campusplan der Hochschule Kaiserslautern - Campus Zweibr\u00fccken<\/figcaption>\n\t\t\t\t\t\t\t\t\t\t<\/figure>\n\t\t\t\t\t\t\t\t\t<\/div>\n\t\t\t\t<\/div>\n\t\t\t\t<\/div>\n\t\t\t\t\t<\/div>\n\t\t\t\t<\/div>\n\t\t<div class=\"elementor-element elementor-element-636188f e-flex e-con-boxed e-con e-parent\" data-id=\"636188f\" data-element_type=\"container\" data-e-type=\"container\">\n\t\t\t\t\t<div class=\"e-con-inner\">\n\t\t\t\t<div class=\"elementor-element elementor-element-09bd2cf elementor-widget elementor-widget-google_maps\" data-id=\"09bd2cf\" data-element_type=\"widget\" data-e-type=\"widget\" fetchpriority=\"\" loading=\"\" data-widget_type=\"google_maps.default\">\n\t\t\t\t<div class=\"elementor-widget-container\">\n\t\t\t\t\t\t\t<div class=\"elementor-custom-embed\">\n\t\t\t<iframe loading=\"lazy\"\n\t\t\t\t\tsrc=\"https:\/\/maps.google.com\/maps?q=Amerikastr.%201%2C%2066482%20Zweibr%C3%BCcken&#038;t=m&#038;z=16&#038;output=embed&#038;iwloc=near\"\n\t\t\t\t\ttitle=\"Amerikastr. 1, 66482 Zweibr\u00fccken\"\n\t\t\t\t\taria-label=\"Amerikastr. 1, 66482 Zweibr\u00fccken\"\n\t\t\t><\/iframe>\n\t\t<\/div>\n\t\t\t\t\t\t<\/div>\n\t\t\t\t<\/div>\n\t\t\t\t\t<\/div>\n\t\t\t\t<\/div>\n\t\t\t\t<\/div>\n\t\t","protected":false},"excerpt":{"rendered":"<p>Kontakt Hochschule Kaiserslautern Campus Zweibr\u00fccken Geb\u00e4ude O, Amerikastra\u00dfe 1, 66482 Zweibr\u00fccken, Deutschland +49 631 3724 \u2013 5346 hci(at)hs-kl.de Campusplan der Hochschule Kaiserslautern &#8211; Campus Zweibr\u00fccken<\/p>\n","protected":false},"author":1,"featured_media":0,"parent":0,"menu_order":0,"comment_status":"closed","ping_status":"closed","template":"","meta":{"iawp_total_views":46,"footnotes":""},"class_list":["post-51","page","type-page","status-publish","hentry"],"yoast_head":"<!-- This site is optimized with the Yoast SEO plugin v27.4 - https:\/\/yoast.com\/product\/yoast-seo-wordpress\/ -->\n<title>Kontakt - HCI2B-Group<\/title>\n<meta name=\"description\" content=\"Hier unser Kontakt, falls sie uns direkt Kontaktieren wollen, stehen ihnen hier unsere Daten sowie unser Standort zur Verf\u00fcgung.\" \/>\n<meta name=\"robots\" content=\"index, follow, max-snippet:-1, max-image-preview:large, max-video-preview:-1\" \/>\n<link rel=\"canonical\" href=\"https:\/\/hci.hs-kl.de\/index.php\/kontakt\/\" \/>\n<meta property=\"og:locale\" content=\"de_DE\" \/>\n<meta property=\"og:type\" content=\"article\" \/>\n<meta property=\"og:title\" content=\"Kontakt - HCI2B-Group\" \/>\n<meta property=\"og:description\" content=\"Hier unser Kontakt, falls sie uns direkt Kontaktieren wollen, stehen ihnen hier unsere Daten sowie unser Standort zur Verf\u00fcgung.\" \/>\n<meta property=\"og:url\" content=\"https:\/\/hci.hs-kl.de\/index.php\/kontakt\/\" \/>\n<meta property=\"og:site_name\" content=\"HCI2B-Group\" \/>\n<meta property=\"article:modified_time\" content=\"2025-10-27T12:27:05+00:00\" \/>\n<meta property=\"og:image\" content=\"https:\/\/hci.hs-kl.de\/wp-content\/uploads\/2025\/08\/hsklzweibruecken_campusplan.png\" \/>\n<meta name=\"twitter:card\" content=\"summary_large_image\" \/>\n<meta name=\"twitter:label1\" content=\"Gesch\u00e4tzte Lesezeit\" \/>\n\t<meta name=\"twitter:data1\" content=\"1\u00a0Minute\" \/>\n<script type=\"application\/ld+json\" class=\"yoast-schema-graph\">{\"@context\":\"https:\\\/\\\/schema.org\",\"@graph\":[{\"@type\":\"WebPage\",\"@id\":\"https:\\\/\\\/hci.hs-kl.de\\\/index.php\\\/kontakt\\\/\",\"url\":\"https:\\\/\\\/hci.hs-kl.de\\\/index.php\\\/kontakt\\\/\",\"name\":\"Kontakt - HCI2B-Group\",\"isPartOf\":{\"@id\":\"https:\\\/\\\/hci.hs-kl.de\\\/#website\"},\"primaryImageOfPage\":{\"@id\":\"https:\\\/\\\/hci.hs-kl.de\\\/index.php\\\/kontakt\\\/#primaryimage\"},\"image\":{\"@id\":\"https:\\\/\\\/hci.hs-kl.de\\\/index.php\\\/kontakt\\\/#primaryimage\"},\"thumbnailUrl\":\"https:\\\/\\\/hci.hs-kl.de\\\/wp-content\\\/uploads\\\/2025\\\/08\\\/hsklzweibruecken_campusplan.png\",\"datePublished\":\"2025-05-14T11:15:43+00:00\",\"dateModified\":\"2025-10-27T12:27:05+00:00\",\"description\":\"Hier unser Kontakt, falls sie uns direkt Kontaktieren wollen, stehen ihnen hier unsere Daten sowie unser Standort zur Verf\u00fcgung.\",\"breadcrumb\":{\"@id\":\"https:\\\/\\\/hci.hs-kl.de\\\/index.php\\\/kontakt\\\/#breadcrumb\"},\"inLanguage\":\"de\",\"potentialAction\":[{\"@type\":\"ReadAction\",\"target\":[\"https:\\\/\\\/hci.hs-kl.de\\\/index.php\\\/kontakt\\\/\"]}]},{\"@type\":\"ImageObject\",\"inLanguage\":\"de\",\"@id\":\"https:\\\/\\\/hci.hs-kl.de\\\/index.php\\\/kontakt\\\/#primaryimage\",\"url\":\"https:\\\/\\\/hci.hs-kl.de\\\/wp-content\\\/uploads\\\/2025\\\/08\\\/hsklzweibruecken_campusplan.png\",\"contentUrl\":\"https:\\\/\\\/hci.hs-kl.de\\\/wp-content\\\/uploads\\\/2025\\\/08\\\/hsklzweibruecken_campusplan.png\",\"width\":436,\"height\":429,\"caption\":\"HSKL Campus Zweibr\u00fccken FAIRD Standort Markierung\"},{\"@type\":\"BreadcrumbList\",\"@id\":\"https:\\\/\\\/hci.hs-kl.de\\\/index.php\\\/kontakt\\\/#breadcrumb\",\"itemListElement\":[{\"@type\":\"ListItem\",\"position\":1,\"name\":\"Home\",\"item\":\"https:\\\/\\\/hci.hs-kl.de\\\/\"},{\"@type\":\"ListItem\",\"position\":2,\"name\":\"Kontakt\"}]},{\"@type\":\"WebSite\",\"@id\":\"https:\\\/\\\/hci.hs-kl.de\\\/#website\",\"url\":\"https:\\\/\\\/hci.hs-kl.de\\\/\",\"name\":\"HCI2B-Group\",\"description\":\"Website der HCI2B-Group der Hochschule Kaiserslautern\",\"publisher\":{\"@id\":\"https:\\\/\\\/hci.hs-kl.de\\\/#organization\"},\"potentialAction\":[{\"@type\":\"SearchAction\",\"target\":{\"@type\":\"EntryPoint\",\"urlTemplate\":\"https:\\\/\\\/hci.hs-kl.de\\\/?s={search_term_string}\"},\"query-input\":{\"@type\":\"PropertyValueSpecification\",\"valueRequired\":true,\"valueName\":\"search_term_string\"}}],\"inLanguage\":\"de\"},{\"@type\":\"Organization\",\"@id\":\"https:\\\/\\\/hci.hs-kl.de\\\/#organization\",\"name\":\"HCI2B-Group\",\"url\":\"https:\\\/\\\/hci.hs-kl.de\\\/\",\"logo\":{\"@type\":\"ImageObject\",\"inLanguage\":\"de\",\"@id\":\"https:\\\/\\\/hci.hs-kl.de\\\/#\\\/schema\\\/logo\\\/image\\\/\",\"url\":\"https:\\\/\\\/hci.hs-kl.de\\\/wp-content\\\/uploads\\\/2025\\\/05\\\/HCI2B_blue_300dpi-1.png\",\"contentUrl\":\"https:\\\/\\\/hci.hs-kl.de\\\/wp-content\\\/uploads\\\/2025\\\/05\\\/HCI2B_blue_300dpi-1.png\",\"width\":1063,\"height\":1063,\"caption\":\"HCI2B-Group\"},\"image\":{\"@id\":\"https:\\\/\\\/hci.hs-kl.de\\\/#\\\/schema\\\/logo\\\/image\\\/\"}}]}<\/script>\n<!-- \/ Yoast SEO plugin. -->","yoast_head_json":{"title":"Kontakt - HCI2B-Group","description":"Hier unser Kontakt, falls sie uns direkt Kontaktieren wollen, stehen ihnen hier unsere Daten sowie unser Standort zur Verf\u00fcgung.","robots":{"index":"index","follow":"follow","max-snippet":"max-snippet:-1","max-image-preview":"max-image-preview:large","max-video-preview":"max-video-preview:-1"},"canonical":"https:\/\/hci.hs-kl.de\/index.php\/kontakt\/","og_locale":"de_DE","og_type":"article","og_title":"Kontakt - HCI2B-Group","og_description":"Hier unser Kontakt, falls sie uns direkt Kontaktieren wollen, stehen ihnen hier unsere Daten sowie unser Standort zur Verf\u00fcgung.","og_url":"https:\/\/hci.hs-kl.de\/index.php\/kontakt\/","og_site_name":"HCI2B-Group","article_modified_time":"2025-10-27T12:27:05+00:00","og_image":[{"url":"https:\/\/hci.hs-kl.de\/wp-content\/uploads\/2025\/08\/hsklzweibruecken_campusplan.png","type":"","width":"","height":""}],"twitter_card":"summary_large_image","twitter_misc":{"Gesch\u00e4tzte Lesezeit":"1\u00a0Minute"},"schema":{"@context":"https:\/\/schema.org","@graph":[{"@type":"WebPage","@id":"https:\/\/hci.hs-kl.de\/index.php\/kontakt\/","url":"https:\/\/hci.hs-kl.de\/index.php\/kontakt\/","name":"Kontakt - HCI2B-Group","isPartOf":{"@id":"https:\/\/hci.hs-kl.de\/#website"},"primaryImageOfPage":{"@id":"https:\/\/hci.hs-kl.de\/index.php\/kontakt\/#primaryimage"},"image":{"@id":"https:\/\/hci.hs-kl.de\/index.php\/kontakt\/#primaryimage"},"thumbnailUrl":"https:\/\/hci.hs-kl.de\/wp-content\/uploads\/2025\/08\/hsklzweibruecken_campusplan.png","datePublished":"2025-05-14T11:15:43+00:00","dateModified":"2025-10-27T12:27:05+00:00","description":"Hier unser Kontakt, falls sie uns direkt Kontaktieren wollen, stehen ihnen hier unsere Daten sowie unser Standort zur Verf\u00fcgung.","breadcrumb":{"@id":"https:\/\/hci.hs-kl.de\/index.php\/kontakt\/#breadcrumb"},"inLanguage":"de","potentialAction":[{"@type":"ReadAction","target":["https:\/\/hci.hs-kl.de\/index.php\/kontakt\/"]}]},{"@type":"ImageObject","inLanguage":"de","@id":"https:\/\/hci.hs-kl.de\/index.php\/kontakt\/#primaryimage","url":"https:\/\/hci.hs-kl.de\/wp-content\/uploads\/2025\/08\/hsklzweibruecken_campusplan.png","contentUrl":"https:\/\/hci.hs-kl.de\/wp-content\/uploads\/2025\/08\/hsklzweibruecken_campusplan.png","width":436,"height":429,"caption":"HSKL Campus Zweibr\u00fccken FAIRD Standort Markierung"},{"@type":"BreadcrumbList","@id":"https:\/\/hci.hs-kl.de\/index.php\/kontakt\/#breadcrumb","itemListElement":[{"@type":"ListItem","position":1,"name":"Home","item":"https:\/\/hci.hs-kl.de\/"},{"@type":"ListItem","position":2,"name":"Kontakt"}]},{"@type":"WebSite","@id":"https:\/\/hci.hs-kl.de\/#website","url":"https:\/\/hci.hs-kl.de\/","name":"HCI2B-Group","description":"Website der HCI2B-Group der Hochschule Kaiserslautern","publisher":{"@id":"https:\/\/hci.hs-kl.de\/#organization"},"potentialAction":[{"@type":"SearchAction","target":{"@type":"EntryPoint","urlTemplate":"https:\/\/hci.hs-kl.de\/?s={search_term_string}"},"query-input":{"@type":"PropertyValueSpecification","valueRequired":true,"valueName":"search_term_string"}}],"inLanguage":"de"},{"@type":"Organization","@id":"https:\/\/hci.hs-kl.de\/#organization","name":"HCI2B-Group","url":"https:\/\/hci.hs-kl.de\/","logo":{"@type":"ImageObject","inLanguage":"de","@id":"https:\/\/hci.hs-kl.de\/#\/schema\/logo\/image\/","url":"https:\/\/hci.hs-kl.de\/wp-content\/uploads\/2025\/05\/HCI2B_blue_300dpi-1.png","contentUrl":"https:\/\/hci.hs-kl.de\/wp-content\/uploads\/2025\/05\/HCI2B_blue_300dpi-1.png","width":1063,"height":1063,"caption":"HCI2B-Group"},"image":{"@id":"https:\/\/hci.hs-kl.de\/#\/schema\/logo\/image\/"}}]}},"_links":{"self":[{"href":"https:\/\/hci.hs-kl.de\/index.php\/wp-json\/wp\/v2\/pages\/51","targetHints":{"allow":["GET"]}}],"collection":[{"href":"https:\/\/hci.hs-kl.de\/index.php\/wp-json\/wp\/v2\/pages"}],"about":[{"href":"https:\/\/hci.hs-kl.de\/index.php\/wp-json\/wp\/v2\/types\/page"}],"author":[{"embeddable":true,"href":"https:\/\/hci.hs-kl.de\/index.php\/wp-json\/wp\/v2\/users\/1"}],"replies":[{"embeddable":true,"href":"https:\/\/hci.hs-kl.de\/index.php\/wp-json\/wp\/v2\/comments?post=51"}],"version-history":[{"count":0,"href":"https:\/\/hci.hs-kl.de\/index.php\/wp-json\/wp\/v2\/pages\/51\/revisions"}],"wp:attachment":[{"href":"https:\/\/hci.hs-kl.de\/index.php\/wp-json\/wp\/v2\/media?parent=51"}],"curies":[{"name":"wp","href":"https:\/\/api.w.org\/{rel}","templated":true}]}}