{"id":47,"date":"2025-05-14T13:15:26","date_gmt":"2025-05-14T11:15:26","guid":{"rendered":"http:\/\/localhost\/?page_id=47"},"modified":"2025-10-27T13:27:00","modified_gmt":"2025-10-27T12:27:00","slug":"impressum","status":"publish","type":"page","link":"https:\/\/hci.hs-kl.de\/index.php\/impressum\/","title":{"rendered":"Impressum"},"content":{"rendered":"\t\t<div data-elementor-type=\"wp-page\" data-elementor-id=\"47\" class=\"elementor elementor-47\" data-elementor-post-type=\"page\">\n\t\t\t\t<div class=\"elementor-element elementor-element-80285af e-flex e-con-boxed e-con e-parent\" data-id=\"80285af\" data-element_type=\"container\" data-e-type=\"container\">\n\t\t\t\t\t<div class=\"e-con-inner\">\n\t\t\t\t<div class=\"elementor-element elementor-element-bd41b99 elementor-widget elementor-widget-shortcode\" data-id=\"bd41b99\" data-element_type=\"widget\" data-e-type=\"widget\" data-widget_type=\"shortcode.default\">\n\t\t\t\t<div class=\"elementor-widget-container\">\n\t\t\t\t\t\t\t<div class=\"elementor-shortcode\"><span><span><a href=\"https:\/\/hci.hs-kl.de\/\">Home<\/a><\/span><\/span><\/div>\n\t\t\t\t\t\t<\/div>\n\t\t\t\t<\/div>\n\t\t\t\t\t<\/div>\n\t\t\t\t<\/div>\n\t\t<div class=\"elementor-element elementor-element-ed72749 e-flex e-con-boxed e-con e-parent\" data-id=\"ed72749\" data-element_type=\"container\" data-e-type=\"container\">\n\t\t\t\t\t<div class=\"e-con-inner\">\n\t\t\t\t<div class=\"elementor-element elementor-element-52e0629 elementor-widget elementor-widget-spacer\" data-id=\"52e0629\" data-element_type=\"widget\" data-e-type=\"widget\" data-widget_type=\"spacer.default\">\n\t\t\t\t<div class=\"elementor-widget-container\">\n\t\t\t\t\t\t\t<div class=\"elementor-spacer\">\n\t\t\t<div class=\"elementor-spacer-inner\"><\/div>\n\t\t<\/div>\n\t\t\t\t\t\t<\/div>\n\t\t\t\t<\/div>\n\t\t\t\t\t<\/div>\n\t\t\t\t<\/div>\n\t\t<div class=\"elementor-element elementor-element-b827c72 e-flex e-con-boxed e-con e-parent\" data-id=\"b827c72\" data-element_type=\"container\" data-e-type=\"container\">\n\t\t\t\t\t<div class=\"e-con-inner\">\n\t\t\t\t<div class=\"elementor-element elementor-element-28bb23a elementor-widget elementor-widget-heading\" data-id=\"28bb23a\" data-element_type=\"widget\" data-e-type=\"widget\" data-widget_type=\"heading.default\">\n\t\t\t\t<div class=\"elementor-widget-container\">\n\t\t\t\t\t<h1 class=\"elementor-heading-title elementor-size-default\">Impressum<\/h1>\t\t\t\t<\/div>\n\t\t\t\t<\/div>\n\t\t\t\t<div class=\"elementor-element elementor-element-b0ed361 elementor-widget elementor-widget-text-editor\" data-id=\"b0ed361\" data-element_type=\"widget\" data-e-type=\"widget\" data-widget_type=\"text-editor.default\">\n\t\t\t\t<div class=\"elementor-widget-container\">\n\t\t\t\t\t\t\t\t\t<h3><span class=\"text-primary\">Anschrift<\/span><\/h3><p>Hochschule Kaiserslautern<br \/>Campus Zweibr\u00fccken<br \/>Prof. Dr.-Ing. Jan Conrad<br \/>Prof. Dr. Dieter Wallach<\/p><p>Amerikastr. 1<br \/>66482 Zweibr\u00fccken<\/p><p>Telefon: +49 (0)6 31 \/ 37 24 &#8211; 5436<br \/>E-Mail:<a href=\"mailto:hci@hs-kl.de\"><span> hci(at)hs-kl.de<\/span><\/a><br \/>Internet:<span>\u00a0<\/span><a class=\"is-external\" href=\"https:\/\/www.hs-kl.de\/\" target=\"_blank\" rel=\"noopener noreferrer noreferrer\">www.hci.hs-kl.de<\/a><\/p><h3><span class=\"text-primary\">Vertretungsberechtigt<\/span><\/h3><p>Die Hochschule Kaiserslautern wird gesetzlich durch den Pr\u00e4sidenten Prof. Dr.-Ing. Hans-Joachim Schmidt vertreten.<br \/>Die Hochschule Kaiserslautern ist eine K\u00f6rperschaft des \u00d6ffentlichen Rechts.<\/p><h3><span class=\"text-primary\">Zust\u00e4ndige Aufsichtsbeh\u00f6rde<\/span><\/h3><p>Ministerium f\u00fcr Wissenschaft und Gesundheit des Landes Rheinland-Pfalz<br \/>Mittlere Bleiche 61<br \/>D-55116 Mainz<br \/>Tel.: +49 (0) 61 31 &#8211; 16 0 (zentraler Telefondienst)<br \/>Fax: +49 (0) 61 31 &#8211; 16 29 97<br \/>E-Mail:<span>\u00a0<\/span><a class=\"is-mail\" href=\"https:\/\/hs-kl.de\/impressum#\" data-mailto-token=\"jxfiql7mlpqpqbiibXjtd+oim+ab\" data-mailto-vector=\"-3\">poststelle(at)mwg.rlp(dot)de<\/a>\u00a0<br \/>Internet:<span>\u00a0<\/span><a class=\"is-external\" href=\"https:\/\/mwg.rlp.de\/\" target=\"_blank\" rel=\"noopener noreferrer noreferrer\">mwg.rlp.de<\/a><\/p><h3><span class=\"text-primary\">Datenschutzerkl\u00e4rung<\/span><\/h3><p>Weitere Informationen finden Sie hier:<span>\u00a0<\/span><a class=\"is-internal\" href=\"https:\/\/hci.hs-kl.de\/index.php\/datenschutz\/\">Datenschutz<\/a><\/p><h3><span class=\"text-primary\">Technische Umsetzung<\/span><\/h3><p>Bei technischen Fragen und Problemen schreiben Sie bitte an<span>\u00a0<\/span><a class=\"is-mail\" href=\"mailto:nicolas.sand@hs-kl.de\" data-mailto-token=\"jxfiql7tbyjxpqboXep:hi+ab\" data-mailto-vector=\"-3\">nicolas.sand(at)hs-kl.de<\/a><span>\u00a0<\/span>[web\/technical issues only!]Als Content Management System kommt WordPress zum Einsatz.<\/p>\t\t\t\t\t\t\t\t<\/div>\n\t\t\t\t<\/div>\n\t\t\t\t\t<\/div>\n\t\t\t\t<\/div>\n\t\t<div class=\"elementor-element elementor-element-56caa79 e-flex e-con-boxed e-con e-parent\" data-id=\"56caa79\" data-element_type=\"container\" data-e-type=\"container\">\n\t\t\t\t\t<div class=\"e-con-inner\">\n\t\t\t\t\t<\/div>\n\t\t\t\t<\/div>\n\t\t<div class=\"elementor-element elementor-element-f1d88e8 e-flex e-con-boxed e-con e-parent\" data-id=\"f1d88e8\" data-element_type=\"container\" data-e-type=\"container\">\n\t\t\t\t\t<div class=\"e-con-inner\">\n\t\t\t\t\t<\/div>\n\t\t\t\t<\/div>\n\t\t\t\t<\/div>\n\t\t","protected":false},"excerpt":{"rendered":"<p>Impressum Anschrift Hochschule Kaiserslautern Campus Zweibr\u00fccken Prof. Dr.-Ing. Jan Conrad Prof. Dr. Dieter Wallach Amerikastr. 1 66482 Zweibr\u00fccken Telefon: +49 (0)6 31 \/ 37 24 &#8211; 5436 E-Mail: hci(at)hs-kl.de Internet:\u00a0www.hci.hs-kl.de Vertretungsberechtigt Die Hochschule Kaiserslautern wird gesetzlich durch den Pr\u00e4sidenten Prof. Dr.-Ing. Hans-Joachim Schmidt vertreten. Die Hochschule Kaiserslautern ist eine K\u00f6rperschaft des \u00d6ffentlichen Rechts. Zust\u00e4ndige Aufsichtsbeh\u00f6rde&#8230;<\/p>\n","protected":false},"author":1,"featured_media":0,"parent":0,"menu_order":0,"comment_status":"closed","ping_status":"closed","template":"","meta":{"iawp_total_views":18,"footnotes":""},"class_list":["post-47","page","type-page","status-publish","hentry"],"yoast_head":"<!-- This site is optimized with the Yoast SEO plugin v27.4 - https:\/\/yoast.com\/product\/yoast-seo-wordpress\/ -->\n<title>Impressum - HCI2B-Group<\/title>\n<meta name=\"description\" content=\"Falls sie uns kontaktieren wollen, stehen hier in unserem Impressum alle wichtigen Kontaktinformationen f\u00fcr sie zur Verf\u00fcgung,\" \/>\n<meta name=\"robots\" content=\"index, follow, max-snippet:-1, max-image-preview:large, max-video-preview:-1\" \/>\n<link rel=\"canonical\" href=\"https:\/\/hci.hs-kl.de\/index.php\/impressum\/\u200e\" \/>\n<meta property=\"og:locale\" content=\"de_DE\" \/>\n<meta property=\"og:type\" content=\"article\" \/>\n<meta property=\"og:title\" content=\"Impressum - HCI2B-Group\" \/>\n<meta property=\"og:description\" content=\"Falls sie uns kontaktieren wollen, stehen hier in unserem Impressum alle wichtigen Kontaktinformationen f\u00fcr sie zur Verf\u00fcgung,\" \/>\n<meta property=\"og:url\" content=\"https:\/\/hci.hs-kl.de\/index.php\/impressum\/\u200e\" \/>\n<meta property=\"og:site_name\" content=\"HCI2B-Group\" \/>\n<meta property=\"article:modified_time\" content=\"2025-10-27T12:27:00+00:00\" \/>\n<meta name=\"twitter:card\" content=\"summary_large_image\" \/>\n<meta name=\"twitter:label1\" content=\"Gesch\u00e4tzte Lesezeit\" \/>\n\t<meta name=\"twitter:data1\" content=\"1\u00a0Minute\" \/>\n<script type=\"application\/ld+json\" class=\"yoast-schema-graph\">{\"@context\":\"https:\\\/\\\/schema.org\",\"@graph\":[{\"@type\":\"WebPage\",\"@id\":\"https:\\\/\\\/hci.hs-kl.de\\\/index.php\\\/impressum\\\/\",\"url\":\"https:\\\/\\\/hci.hs-kl.de\\\/index.php\\\/impressum\\\/%e2%80%8e\",\"name\":\"Impressum - HCI2B-Group\",\"isPartOf\":{\"@id\":\"https:\\\/\\\/hci.hs-kl.de\\\/#website\"},\"datePublished\":\"2025-05-14T11:15:26+00:00\",\"dateModified\":\"2025-10-27T12:27:00+00:00\",\"description\":\"Falls sie uns kontaktieren wollen, stehen hier in unserem Impressum alle wichtigen Kontaktinformationen f\u00fcr sie zur Verf\u00fcgung,\",\"breadcrumb\":{\"@id\":\"https:\\\/\\\/hci.hs-kl.de\\\/index.php\\\/impressum\\\/%e2%80%8e#breadcrumb\"},\"inLanguage\":\"de\",\"potentialAction\":[{\"@type\":\"ReadAction\",\"target\":[\"https:\\\/\\\/hci.hs-kl.de\\\/index.php\\\/impressum\\\/%e2%80%8e\"]}]},{\"@type\":\"BreadcrumbList\",\"@id\":\"https:\\\/\\\/hci.hs-kl.de\\\/index.php\\\/impressum\\\/%e2%80%8e#breadcrumb\",\"itemListElement\":[{\"@type\":\"ListItem\",\"position\":1,\"name\":\"Home\",\"item\":\"https:\\\/\\\/hci.hs-kl.de\\\/\"},{\"@type\":\"ListItem\",\"position\":2,\"name\":\"Impressum\"}]},{\"@type\":\"WebSite\",\"@id\":\"https:\\\/\\\/hci.hs-kl.de\\\/#website\",\"url\":\"https:\\\/\\\/hci.hs-kl.de\\\/\",\"name\":\"HCI2B-Group\",\"description\":\"Website der HCI2B-Group der Hochschule Kaiserslautern\",\"publisher\":{\"@id\":\"https:\\\/\\\/hci.hs-kl.de\\\/#organization\"},\"potentialAction\":[{\"@type\":\"SearchAction\",\"target\":{\"@type\":\"EntryPoint\",\"urlTemplate\":\"https:\\\/\\\/hci.hs-kl.de\\\/?s={search_term_string}\"},\"query-input\":{\"@type\":\"PropertyValueSpecification\",\"valueRequired\":true,\"valueName\":\"search_term_string\"}}],\"inLanguage\":\"de\"},{\"@type\":\"Organization\",\"@id\":\"https:\\\/\\\/hci.hs-kl.de\\\/#organization\",\"name\":\"HCI2B-Group\",\"url\":\"https:\\\/\\\/hci.hs-kl.de\\\/\",\"logo\":{\"@type\":\"ImageObject\",\"inLanguage\":\"de\",\"@id\":\"https:\\\/\\\/hci.hs-kl.de\\\/#\\\/schema\\\/logo\\\/image\\\/\",\"url\":\"https:\\\/\\\/hci.hs-kl.de\\\/wp-content\\\/uploads\\\/2025\\\/05\\\/HCI2B_blue_300dpi-1.png\",\"contentUrl\":\"https:\\\/\\\/hci.hs-kl.de\\\/wp-content\\\/uploads\\\/2025\\\/05\\\/HCI2B_blue_300dpi-1.png\",\"width\":1063,\"height\":1063,\"caption\":\"HCI2B-Group\"},\"image\":{\"@id\":\"https:\\\/\\\/hci.hs-kl.de\\\/#\\\/schema\\\/logo\\\/image\\\/\"}}]}<\/script>\n<!-- \/ Yoast SEO plugin. -->","yoast_head_json":{"title":"Impressum - HCI2B-Group","description":"Falls sie uns kontaktieren wollen, stehen hier in unserem Impressum alle wichtigen Kontaktinformationen f\u00fcr sie zur Verf\u00fcgung,","robots":{"index":"index","follow":"follow","max-snippet":"max-snippet:-1","max-image-preview":"max-image-preview:large","max-video-preview":"max-video-preview:-1"},"canonical":"https:\/\/hci.hs-kl.de\/index.php\/impressum\/\u200e","og_locale":"de_DE","og_type":"article","og_title":"Impressum - HCI2B-Group","og_description":"Falls sie uns kontaktieren wollen, stehen hier in unserem Impressum alle wichtigen Kontaktinformationen f\u00fcr sie zur Verf\u00fcgung,","og_url":"https:\/\/hci.hs-kl.de\/index.php\/impressum\/\u200e","og_site_name":"HCI2B-Group","article_modified_time":"2025-10-27T12:27:00+00:00","twitter_card":"summary_large_image","twitter_misc":{"Gesch\u00e4tzte Lesezeit":"1\u00a0Minute"},"schema":{"@context":"https:\/\/schema.org","@graph":[{"@type":"WebPage","@id":"https:\/\/hci.hs-kl.de\/index.php\/impressum\/","url":"https:\/\/hci.hs-kl.de\/index.php\/impressum\/%e2%80%8e","name":"Impressum - HCI2B-Group","isPartOf":{"@id":"https:\/\/hci.hs-kl.de\/#website"},"datePublished":"2025-05-14T11:15:26+00:00","dateModified":"2025-10-27T12:27:00+00:00","description":"Falls sie uns kontaktieren wollen, stehen hier in unserem Impressum alle wichtigen Kontaktinformationen f\u00fcr sie zur Verf\u00fcgung,","breadcrumb":{"@id":"https:\/\/hci.hs-kl.de\/index.php\/impressum\/%e2%80%8e#breadcrumb"},"inLanguage":"de","potentialAction":[{"@type":"ReadAction","target":["https:\/\/hci.hs-kl.de\/index.php\/impressum\/%e2%80%8e"]}]},{"@type":"BreadcrumbList","@id":"https:\/\/hci.hs-kl.de\/index.php\/impressum\/%e2%80%8e#breadcrumb","itemListElement":[{"@type":"ListItem","position":1,"name":"Home","item":"https:\/\/hci.hs-kl.de\/"},{"@type":"ListItem","position":2,"name":"Impressum"}]},{"@type":"WebSite","@id":"https:\/\/hci.hs-kl.de\/#website","url":"https:\/\/hci.hs-kl.de\/","name":"HCI2B-Group","description":"Website der HCI2B-Group der Hochschule Kaiserslautern","publisher":{"@id":"https:\/\/hci.hs-kl.de\/#organization"},"potentialAction":[{"@type":"SearchAction","target":{"@type":"EntryPoint","urlTemplate":"https:\/\/hci.hs-kl.de\/?s={search_term_string}"},"query-input":{"@type":"PropertyValueSpecification","valueRequired":true,"valueName":"search_term_string"}}],"inLanguage":"de"},{"@type":"Organization","@id":"https:\/\/hci.hs-kl.de\/#organization","name":"HCI2B-Group","url":"https:\/\/hci.hs-kl.de\/","logo":{"@type":"ImageObject","inLanguage":"de","@id":"https:\/\/hci.hs-kl.de\/#\/schema\/logo\/image\/","url":"https:\/\/hci.hs-kl.de\/wp-content\/uploads\/2025\/05\/HCI2B_blue_300dpi-1.png","contentUrl":"https:\/\/hci.hs-kl.de\/wp-content\/uploads\/2025\/05\/HCI2B_blue_300dpi-1.png","width":1063,"height":1063,"caption":"HCI2B-Group"},"image":{"@id":"https:\/\/hci.hs-kl.de\/#\/schema\/logo\/image\/"}}]}},"_links":{"self":[{"href":"https:\/\/hci.hs-kl.de\/index.php\/wp-json\/wp\/v2\/pages\/47","targetHints":{"allow":["GET"]}}],"collection":[{"href":"https:\/\/hci.hs-kl.de\/index.php\/wp-json\/wp\/v2\/pages"}],"about":[{"href":"https:\/\/hci.hs-kl.de\/index.php\/wp-json\/wp\/v2\/types\/page"}],"author":[{"embeddable":true,"href":"https:\/\/hci.hs-kl.de\/index.php\/wp-json\/wp\/v2\/users\/1"}],"replies":[{"embeddable":true,"href":"https:\/\/hci.hs-kl.de\/index.php\/wp-json\/wp\/v2\/comments?post=47"}],"version-history":[{"count":0,"href":"https:\/\/hci.hs-kl.de\/index.php\/wp-json\/wp\/v2\/pages\/47\/revisions"}],"wp:attachment":[{"href":"https:\/\/hci.hs-kl.de\/index.php\/wp-json\/wp\/v2\/media?parent=47"}],"curies":[{"name":"wp","href":"https:\/\/api.w.org\/{rel}","templated":true}]}}