{"id":3022,"date":"2025-08-11T13:43:02","date_gmt":"2025-08-11T11:43:02","guid":{"rendered":"https:\/\/hci.hs-kl.de\/?page_id=3022"},"modified":"2025-10-27T13:24:43","modified_gmt":"2025-10-27T12:24:43","slug":"bachelor-und-masterarbeiten","status":"publish","type":"page","link":"https:\/\/hci.hs-kl.de\/index.php\/bachelor-und-masterarbeiten\/","title":{"rendered":"Bachelor- und Masterarbeiten"},"content":{"rendered":"\t\t<div data-elementor-type=\"wp-page\" data-elementor-id=\"3022\" class=\"elementor elementor-3022\" data-elementor-post-type=\"page\">\n\t\t\t\t<div class=\"elementor-element elementor-element-da0a944 e-flex e-con-boxed e-con e-parent\" data-id=\"da0a944\" data-element_type=\"container\" data-e-type=\"container\">\n\t\t\t\t\t<div class=\"e-con-inner\">\n\t\t\t\t<div class=\"elementor-element elementor-element-e33fa7d elementor-widget elementor-widget-shortcode\" data-id=\"e33fa7d\" data-element_type=\"widget\" data-e-type=\"widget\" data-widget_type=\"shortcode.default\">\n\t\t\t\t<div class=\"elementor-widget-container\">\n\t\t\t\t\t\t\t<div class=\"elementor-shortcode\"><span><span><a href=\"https:\/\/hci.hs-kl.de\/\">Home<\/a><\/span><\/span><\/div>\n\t\t\t\t\t\t<\/div>\n\t\t\t\t<\/div>\n\t\t\t\t\t<\/div>\n\t\t\t\t<\/div>\n\t\t<div class=\"elementor-element elementor-element-bc84238 e-flex e-con-boxed e-con e-parent\" data-id=\"bc84238\" data-element_type=\"container\" data-e-type=\"container\">\n\t\t\t\t\t<div class=\"e-con-inner\">\n\t\t\t\t<div class=\"elementor-element elementor-element-1ad9821 elementor-widget elementor-widget-spacer\" data-id=\"1ad9821\" data-element_type=\"widget\" data-e-type=\"widget\" data-widget_type=\"spacer.default\">\n\t\t\t\t<div class=\"elementor-widget-container\">\n\t\t\t\t\t\t\t<div class=\"elementor-spacer\">\n\t\t\t<div class=\"elementor-spacer-inner\"><\/div>\n\t\t<\/div>\n\t\t\t\t\t\t<\/div>\n\t\t\t\t<\/div>\n\t\t\t\t<div class=\"elementor-element elementor-element-e5a84c9 elementor-widget elementor-widget-heading\" data-id=\"e5a84c9\" data-element_type=\"widget\" data-e-type=\"widget\" data-widget_type=\"heading.default\">\n\t\t\t\t<div class=\"elementor-widget-container\">\n\t\t\t\t\t<h1 class=\"elementor-heading-title elementor-size-default\">Bachelor- und Masterarbeiten<\/h1>\t\t\t\t<\/div>\n\t\t\t\t<\/div>\n\t\t\t\t<div class=\"elementor-element elementor-element-499fad7 elementor-widget__width-initial elementor-widget elementor-widget-text-editor\" data-id=\"499fad7\" data-element_type=\"widget\" data-e-type=\"widget\" data-widget_type=\"text-editor.default\">\n\t\t\t\t<div class=\"elementor-widget-container\">\n\t\t\t\t\t\t\t\t\t<p><span class=\"_fadeIn_m1hgl_8\"><\/span>Hier findest Du eine Liste unser aktuellen Themenausschreibungen f\u00fcr Bachelor- und Masterarbeiten bei uns.\u00a0<\/p>\t\t\t\t\t\t\t\t<\/div>\n\t\t\t\t<\/div>\n\t\t\t\t<div class=\"elementor-element elementor-element-af99ceb elementor-hidden-mobile elementor-widget elementor-widget-spacer\" data-id=\"af99ceb\" data-element_type=\"widget\" data-e-type=\"widget\" data-widget_type=\"spacer.default\">\n\t\t\t\t<div class=\"elementor-widget-container\">\n\t\t\t\t\t\t\t<div class=\"elementor-spacer\">\n\t\t\t<div class=\"elementor-spacer-inner\"><\/div>\n\t\t<\/div>\n\t\t\t\t\t\t<\/div>\n\t\t\t\t<\/div>\n\t\t\t\t<div class=\"elementor-element elementor-element-087721c elementor-widget-divider--view-line elementor-widget elementor-widget-divider\" data-id=\"087721c\" data-element_type=\"widget\" data-e-type=\"widget\" data-widget_type=\"divider.default\">\n\t\t\t\t<div class=\"elementor-widget-container\">\n\t\t\t\t\t\t\t<div class=\"elementor-divider\">\n\t\t\t<span class=\"elementor-divider-separator\">\n\t\t\t\t\t\t<\/span>\n\t\t<\/div>\n\t\t\t\t\t\t<\/div>\n\t\t\t\t<\/div>\n\t\t\t\t\t<\/div>\n\t\t\t\t<\/div>\n\t\t<div class=\"elementor-element elementor-element-d9eac73 e-flex e-con-boxed e-con e-parent\" data-id=\"d9eac73\" data-element_type=\"container\" data-e-type=\"container\">\n\t\t\t\t\t<div class=\"e-con-inner\">\n\t\t<div class=\"elementor-element elementor-element-8a4496a e-con-full e-flex e-con e-child\" data-id=\"8a4496a\" data-element_type=\"container\" data-e-type=\"container\">\n\t\t\t\t<div class=\"elementor-element elementor-element-128f89e elementor-widget elementor-widget-heading\" data-id=\"128f89e\" data-element_type=\"widget\" data-e-type=\"widget\" data-widget_type=\"heading.default\">\n\t\t\t\t<div class=\"elementor-widget-container\">\n\t\t\t\t\t<h2 class=\"elementor-heading-title elementor-size-default\">Bachelorarbeit<\/h2>\t\t\t\t<\/div>\n\t\t\t\t<\/div>\n\t\t\t\t<\/div>\n\t\t<div class=\"elementor-element elementor-element-4e1f214 e-con-full elementor-hidden-mobile e-flex e-con e-child\" data-id=\"4e1f214\" data-element_type=\"container\" data-e-type=\"container\">\n\t\t\t\t<div class=\"elementor-element elementor-element-340a1de elementor-widget__width-inherit e-transform elementor-widget-divider--separator-type-pattern elementor-widget-divider--bg-round elementor-widget-divider--view-line elementor-widget elementor-widget-divider\" data-id=\"340a1de\" data-element_type=\"widget\" data-e-type=\"widget\" data-settings=\"{&quot;_transform_rotateZ_effect&quot;:{&quot;unit&quot;:&quot;px&quot;,&quot;size&quot;:90,&quot;sizes&quot;:[]},&quot;_transform_rotateZ_effect_tablet&quot;:{&quot;unit&quot;:&quot;deg&quot;,&quot;size&quot;:&quot;&quot;,&quot;sizes&quot;:[]},&quot;_transform_rotateZ_effect_mobile&quot;:{&quot;unit&quot;:&quot;deg&quot;,&quot;size&quot;:&quot;&quot;,&quot;sizes&quot;:[]}}\" data-widget_type=\"divider.default\">\n\t\t\t\t<div class=\"elementor-widget-container\">\n\t\t\t\t\t\t\t<div class=\"elementor-divider\" style=\"--divider-pattern-url: url(&quot;data:image\/svg+xml,%3Csvg xmlns=&#039;http:\/\/www.w3.org\/2000\/svg&#039; preserveAspectRatio=&#039;none&#039; overflow=&#039;visible&#039; height=&#039;100%&#039; viewBox=&#039;0 0 60 30&#039; fill=&#039;black&#039; stroke=&#039;none&#039;%3E%3Crect x=&#039;15&#039; y=&#039;0&#039; width=&#039;30&#039; height=&#039;30&#039;\/%3E%3C\/svg%3E&quot;);\">\n\t\t\t<span class=\"elementor-divider-separator\">\n\t\t\t\t\t\t<\/span>\n\t\t<\/div>\n\t\t\t\t\t\t<\/div>\n\t\t\t\t<\/div>\n\t\t\t\t<\/div>\n\t\t<div class=\"elementor-element elementor-element-069d082 e-con-full e-flex e-con e-child\" data-id=\"069d082\" data-element_type=\"container\" data-e-type=\"container\">\n\t\t\t\t<div class=\"elementor-element elementor-element-e5b59e5 elementor-widget elementor-widget-text-editor\" data-id=\"e5b59e5\" data-element_type=\"widget\" data-e-type=\"widget\" data-widget_type=\"text-editor.default\">\n\t\t\t\t<div class=\"elementor-widget-container\">\n\t\t\t\t\t\t\t\t\t<p><b>Sustainable UX: Identifikation und Dokumentation ressourcenschonender Design Patterns<\/b><span><\/span><\/p><div title=\"Bemerkungen\"><p>Anforderungen an eine positive User Experience und nachhaltiges Webdesign bzw. -development m\u00fcssen sich nicht notwendig diametral gegen\u00fcberstehen: leichtgewichtige Webanwendungen f\u00f6rdern durch ein effizientes Ladeverhalten positive Nutzungserlebnisse und zeichnen sich zeitgleich durch einen geringen CO\u2082-Fu\u00dfabdruck aus \u2014 sowohl mit Blick auf involvierte Server-Ressourcen, als auch hinsichtlich des Datentransfers und des Rechenaufwands auf Seiten beteiligter Endger\u00e4te. Trotz der unstrittigen Bedeutung nachhaltiger Gestaltungspraktiken sind ressourcensensitive (mobile) Web Design\/Development Patterns bislang lediglich sp\u00e4rlich dokumentiert. Ziel der Bachelorarbeit ist es, den aktuellen Stand zu ressourcenschonenden Design Patterns aufzuarbeiten und in einer ersten Sammlung solcher Patterns zusammenzufassen.\u00a0<\/p><p>Kontakt: <a href=\"mailto:dieter.wallach@hs-kl.de\">dieter.wallach(at)hs-kl.de<\/a><\/p><\/div>\t\t\t\t\t\t\t\t<\/div>\n\t\t\t\t<\/div>\n\t\t\t\t<\/div>\n\t\t\t\t\t<\/div>\n\t\t\t\t<\/div>\n\t\t<div class=\"elementor-element elementor-element-ed84861 e-flex e-con-boxed e-con e-parent\" data-id=\"ed84861\" data-element_type=\"container\" data-e-type=\"container\">\n\t\t\t\t\t<div class=\"e-con-inner\">\n\t\t\t\t<div class=\"elementor-element elementor-element-1fad475 elementor-widget-divider--view-line elementor-widget elementor-widget-divider\" data-id=\"1fad475\" data-element_type=\"widget\" data-e-type=\"widget\" data-widget_type=\"divider.default\">\n\t\t\t\t<div class=\"elementor-widget-container\">\n\t\t\t\t\t\t\t<div class=\"elementor-divider\">\n\t\t\t<span class=\"elementor-divider-separator\">\n\t\t\t\t\t\t<\/span>\n\t\t<\/div>\n\t\t\t\t\t\t<\/div>\n\t\t\t\t<\/div>\n\t\t\t\t\t<\/div>\n\t\t\t\t<\/div>\n\t\t<div class=\"elementor-element elementor-element-cceceb2 e-flex e-con-boxed e-con e-parent\" data-id=\"cceceb2\" data-element_type=\"container\" data-e-type=\"container\">\n\t\t\t\t\t<div class=\"e-con-inner\">\n\t\t<div class=\"elementor-element elementor-element-e3a3f97 e-con-full e-flex e-con e-child\" data-id=\"e3a3f97\" data-element_type=\"container\" data-e-type=\"container\">\n\t\t\t\t<div class=\"elementor-element elementor-element-0cd6d0f elementor-hidden-desktop elementor-hidden-tablet elementor-widget elementor-widget-spacer\" data-id=\"0cd6d0f\" data-element_type=\"widget\" data-e-type=\"widget\" data-widget_type=\"spacer.default\">\n\t\t\t\t<div class=\"elementor-widget-container\">\n\t\t\t\t\t\t\t<div class=\"elementor-spacer\">\n\t\t\t<div class=\"elementor-spacer-inner\"><\/div>\n\t\t<\/div>\n\t\t\t\t\t\t<\/div>\n\t\t\t\t<\/div>\n\t\t\t\t<div class=\"elementor-element elementor-element-f113263 elementor-widget elementor-widget-button\" data-id=\"f113263\" data-element_type=\"widget\" data-e-type=\"widget\" data-widget_type=\"button.default\">\n\t\t\t\t<div class=\"elementor-widget-container\">\n\t\t\t\t\t\t\t\t\t<div class=\"elementor-button-wrapper\">\n\t\t\t\t\t<a class=\"elementor-button elementor-button-link elementor-size-sm\" href=\"https:\/\/hci.hs-kl.de\/index.php\/jobs\/\">\n\t\t\t\t\t\t<span class=\"elementor-button-content-wrapper\">\n\t\t\t\t\t\t\t\t\t<span class=\"elementor-button-text\">zur\u00fcck<\/span>\n\t\t\t\t\t<\/span>\n\t\t\t\t\t<\/a>\n\t\t\t\t<\/div>\n\t\t\t\t\t\t\t\t<\/div>\n\t\t\t\t<\/div>\n\t\t\t\t<\/div>\n\t\t\t\t\t<\/div>\n\t\t\t\t<\/div>\n\t\t\t\t<\/div>\n\t\t","protected":false},"excerpt":{"rendered":"<p>Bachelor- und Masterarbeiten Hier findest Du eine Liste unser aktuellen Themenausschreibungen f\u00fcr Bachelor- und Masterarbeiten bei uns. Bachelorarbeit Sustainable UX: Identifikation und Dokumentation ressourcenschonender Design Patterns Anforderungen an eine positive User Experience und nachhaltiges Webdesign bzw. -development m\u00fcssen sich nicht notwendig diametral gegen\u00fcberstehen: leichtgewichtige Webanwendungen f\u00f6rdern durch ein effizientes Ladeverhalten positive Nutzungserlebnisse und zeichnen sich&#8230;<\/p>\n","protected":false},"author":1,"featured_media":0,"parent":0,"menu_order":0,"comment_status":"closed","ping_status":"closed","template":"","meta":{"iawp_total_views":42,"footnotes":""},"class_list":["post-3022","page","type-page","status-publish","hentry"],"yoast_head":"<!-- This site is optimized with the Yoast SEO plugin v27.4 - https:\/\/yoast.com\/product\/yoast-seo-wordpress\/ -->\n<title>Bachelor- und Masterarbeiten - HCI2B-Group - HSKL Zweibr\u00fccken<\/title>\n<meta name=\"description\" content=\"Bachelor- und Masterarbeiten HCI2B Zweibr\u00fccken. Schreiben sie ihre Bachelor- Masterarbeit bei uns zum Thema &quot;Sustainable UX&quot;.\" \/>\n<meta name=\"robots\" content=\"index, follow, max-snippet:-1, max-image-preview:large, max-video-preview:-1\" \/>\n<link rel=\"canonical\" href=\"https:\/\/hci.hs-kl.de\/index.php\/bachelor-und-mas\u2026-der-hci2b-group\/\" \/>\n<meta property=\"og:locale\" content=\"de_DE\" \/>\n<meta property=\"og:type\" content=\"article\" \/>\n<meta property=\"og:title\" content=\"Bachelor- und Masterarbeiten - HCI2B-Group - HSKL Zweibr\u00fccken\" \/>\n<meta property=\"og:description\" content=\"Bachelor- und Masterarbeiten HCI2B Zweibr\u00fccken. Schreiben sie ihre Bachelor- Masterarbeit bei uns zum Thema &quot;Sustainable UX&quot;.\" \/>\n<meta property=\"og:url\" content=\"https:\/\/hci.hs-kl.de\/index.php\/bachelor-und-mas\u2026-der-hci2b-group\/\" \/>\n<meta property=\"og:site_name\" content=\"HCI2B-Group\" \/>\n<meta property=\"article:modified_time\" content=\"2025-10-27T12:24:43+00:00\" \/>\n<meta name=\"twitter:card\" content=\"summary_large_image\" \/>\n<meta name=\"twitter:label1\" content=\"Gesch\u00e4tzte Lesezeit\" \/>\n\t<meta name=\"twitter:data1\" content=\"1\u00a0Minute\" \/>\n<script type=\"application\/ld+json\" class=\"yoast-schema-graph\">{\"@context\":\"https:\\\/\\\/schema.org\",\"@graph\":[{\"@type\":\"WebPage\",\"@id\":\"https:\\\/\\\/hci.hs-kl.de\\\/index.php\\\/bachelor-und-masterarbeiten\\\/\",\"url\":\"https:\\\/\\\/hci.hs-kl.de\\\/index.php\\\/bachelor-und-mas%e2%80%a6-der-hci2b-group\\\/\",\"name\":\"Bachelor- und Masterarbeiten - HCI2B-Group - HSKL Zweibr\u00fccken\",\"isPartOf\":{\"@id\":\"https:\\\/\\\/hci.hs-kl.de\\\/#website\"},\"datePublished\":\"2025-08-11T11:43:02+00:00\",\"dateModified\":\"2025-10-27T12:24:43+00:00\",\"description\":\"Bachelor- und Masterarbeiten HCI2B Zweibr\u00fccken. Schreiben sie ihre Bachelor- Masterarbeit bei uns zum Thema \\\"Sustainable UX\\\".\",\"breadcrumb\":{\"@id\":\"https:\\\/\\\/hci.hs-kl.de\\\/index.php\\\/bachelor-und-mas%e2%80%a6-der-hci2b-group\\\/#breadcrumb\"},\"inLanguage\":\"de\",\"potentialAction\":[{\"@type\":\"ReadAction\",\"target\":[\"https:\\\/\\\/hci.hs-kl.de\\\/index.php\\\/bachelor-und-mas%e2%80%a6-der-hci2b-group\\\/\"]}]},{\"@type\":\"BreadcrumbList\",\"@id\":\"https:\\\/\\\/hci.hs-kl.de\\\/index.php\\\/bachelor-und-mas%e2%80%a6-der-hci2b-group\\\/#breadcrumb\",\"itemListElement\":[{\"@type\":\"ListItem\",\"position\":1,\"name\":\"Home\",\"item\":\"https:\\\/\\\/hci.hs-kl.de\\\/\"},{\"@type\":\"ListItem\",\"position\":2,\"name\":\"Bachelor- und Masterarbeiten\"}]},{\"@type\":\"WebSite\",\"@id\":\"https:\\\/\\\/hci.hs-kl.de\\\/#website\",\"url\":\"https:\\\/\\\/hci.hs-kl.de\\\/\",\"name\":\"HCI2B-Group\",\"description\":\"Website der HCI2B-Group der Hochschule Kaiserslautern\",\"publisher\":{\"@id\":\"https:\\\/\\\/hci.hs-kl.de\\\/#organization\"},\"potentialAction\":[{\"@type\":\"SearchAction\",\"target\":{\"@type\":\"EntryPoint\",\"urlTemplate\":\"https:\\\/\\\/hci.hs-kl.de\\\/?s={search_term_string}\"},\"query-input\":{\"@type\":\"PropertyValueSpecification\",\"valueRequired\":true,\"valueName\":\"search_term_string\"}}],\"inLanguage\":\"de\"},{\"@type\":\"Organization\",\"@id\":\"https:\\\/\\\/hci.hs-kl.de\\\/#organization\",\"name\":\"HCI2B-Group\",\"url\":\"https:\\\/\\\/hci.hs-kl.de\\\/\",\"logo\":{\"@type\":\"ImageObject\",\"inLanguage\":\"de\",\"@id\":\"https:\\\/\\\/hci.hs-kl.de\\\/#\\\/schema\\\/logo\\\/image\\\/\",\"url\":\"https:\\\/\\\/hci.hs-kl.de\\\/wp-content\\\/uploads\\\/2025\\\/05\\\/HCI2B_blue_300dpi-1.png\",\"contentUrl\":\"https:\\\/\\\/hci.hs-kl.de\\\/wp-content\\\/uploads\\\/2025\\\/05\\\/HCI2B_blue_300dpi-1.png\",\"width\":1063,\"height\":1063,\"caption\":\"HCI2B-Group\"},\"image\":{\"@id\":\"https:\\\/\\\/hci.hs-kl.de\\\/#\\\/schema\\\/logo\\\/image\\\/\"}}]}<\/script>\n<!-- \/ Yoast SEO plugin. -->","yoast_head_json":{"title":"Bachelor- und Masterarbeiten - HCI2B-Group - HSKL Zweibr\u00fccken","description":"Bachelor- und Masterarbeiten HCI2B Zweibr\u00fccken. Schreiben sie ihre Bachelor- Masterarbeit bei uns zum Thema \"Sustainable UX\".","robots":{"index":"index","follow":"follow","max-snippet":"max-snippet:-1","max-image-preview":"max-image-preview:large","max-video-preview":"max-video-preview:-1"},"canonical":"https:\/\/hci.hs-kl.de\/index.php\/bachelor-und-mas\u2026-der-hci2b-group\/","og_locale":"de_DE","og_type":"article","og_title":"Bachelor- und Masterarbeiten - HCI2B-Group - HSKL Zweibr\u00fccken","og_description":"Bachelor- und Masterarbeiten HCI2B Zweibr\u00fccken. Schreiben sie ihre Bachelor- Masterarbeit bei uns zum Thema \"Sustainable UX\".","og_url":"https:\/\/hci.hs-kl.de\/index.php\/bachelor-und-mas\u2026-der-hci2b-group\/","og_site_name":"HCI2B-Group","article_modified_time":"2025-10-27T12:24:43+00:00","twitter_card":"summary_large_image","twitter_misc":{"Gesch\u00e4tzte Lesezeit":"1\u00a0Minute"},"schema":{"@context":"https:\/\/schema.org","@graph":[{"@type":"WebPage","@id":"https:\/\/hci.hs-kl.de\/index.php\/bachelor-und-masterarbeiten\/","url":"https:\/\/hci.hs-kl.de\/index.php\/bachelor-und-mas%e2%80%a6-der-hci2b-group\/","name":"Bachelor- und Masterarbeiten - HCI2B-Group - HSKL Zweibr\u00fccken","isPartOf":{"@id":"https:\/\/hci.hs-kl.de\/#website"},"datePublished":"2025-08-11T11:43:02+00:00","dateModified":"2025-10-27T12:24:43+00:00","description":"Bachelor- und Masterarbeiten HCI2B Zweibr\u00fccken. Schreiben sie ihre Bachelor- Masterarbeit bei uns zum Thema \"Sustainable UX\".","breadcrumb":{"@id":"https:\/\/hci.hs-kl.de\/index.php\/bachelor-und-mas%e2%80%a6-der-hci2b-group\/#breadcrumb"},"inLanguage":"de","potentialAction":[{"@type":"ReadAction","target":["https:\/\/hci.hs-kl.de\/index.php\/bachelor-und-mas%e2%80%a6-der-hci2b-group\/"]}]},{"@type":"BreadcrumbList","@id":"https:\/\/hci.hs-kl.de\/index.php\/bachelor-und-mas%e2%80%a6-der-hci2b-group\/#breadcrumb","itemListElement":[{"@type":"ListItem","position":1,"name":"Home","item":"https:\/\/hci.hs-kl.de\/"},{"@type":"ListItem","position":2,"name":"Bachelor- und Masterarbeiten"}]},{"@type":"WebSite","@id":"https:\/\/hci.hs-kl.de\/#website","url":"https:\/\/hci.hs-kl.de\/","name":"HCI2B-Group","description":"Website der HCI2B-Group der Hochschule Kaiserslautern","publisher":{"@id":"https:\/\/hci.hs-kl.de\/#organization"},"potentialAction":[{"@type":"SearchAction","target":{"@type":"EntryPoint","urlTemplate":"https:\/\/hci.hs-kl.de\/?s={search_term_string}"},"query-input":{"@type":"PropertyValueSpecification","valueRequired":true,"valueName":"search_term_string"}}],"inLanguage":"de"},{"@type":"Organization","@id":"https:\/\/hci.hs-kl.de\/#organization","name":"HCI2B-Group","url":"https:\/\/hci.hs-kl.de\/","logo":{"@type":"ImageObject","inLanguage":"de","@id":"https:\/\/hci.hs-kl.de\/#\/schema\/logo\/image\/","url":"https:\/\/hci.hs-kl.de\/wp-content\/uploads\/2025\/05\/HCI2B_blue_300dpi-1.png","contentUrl":"https:\/\/hci.hs-kl.de\/wp-content\/uploads\/2025\/05\/HCI2B_blue_300dpi-1.png","width":1063,"height":1063,"caption":"HCI2B-Group"},"image":{"@id":"https:\/\/hci.hs-kl.de\/#\/schema\/logo\/image\/"}}]}},"_links":{"self":[{"href":"https:\/\/hci.hs-kl.de\/index.php\/wp-json\/wp\/v2\/pages\/3022","targetHints":{"allow":["GET"]}}],"collection":[{"href":"https:\/\/hci.hs-kl.de\/index.php\/wp-json\/wp\/v2\/pages"}],"about":[{"href":"https:\/\/hci.hs-kl.de\/index.php\/wp-json\/wp\/v2\/types\/page"}],"author":[{"embeddable":true,"href":"https:\/\/hci.hs-kl.de\/index.php\/wp-json\/wp\/v2\/users\/1"}],"replies":[{"embeddable":true,"href":"https:\/\/hci.hs-kl.de\/index.php\/wp-json\/wp\/v2\/comments?post=3022"}],"version-history":[{"count":0,"href":"https:\/\/hci.hs-kl.de\/index.php\/wp-json\/wp\/v2\/pages\/3022\/revisions"}],"wp:attachment":[{"href":"https:\/\/hci.hs-kl.de\/index.php\/wp-json\/wp\/v2\/media?parent=3022"}],"curies":[{"name":"wp","href":"https:\/\/api.w.org\/{rel}","templated":true}]}}