{"id":1108,"date":"2025-07-14T14:31:16","date_gmt":"2025-07-14T12:31:16","guid":{"rendered":"http:\/\/localhost\/?page_id=1108"},"modified":"2026-03-12T11:43:47","modified_gmt":"2026-03-12T10:43:47","slug":"selin-mamok","status":"publish","type":"page","link":"https:\/\/hci.hs-kl.de\/index.php\/team\/selin-mamok\/","title":{"rendered":"Selin Mamok"},"content":{"rendered":"\t\t<div data-elementor-type=\"wp-page\" data-elementor-id=\"1108\" class=\"elementor elementor-1108\" data-elementor-post-type=\"page\">\n\t\t\t\t<div class=\"elementor-element elementor-element-7cfc694e e-flex e-con-boxed e-con e-parent\" data-id=\"7cfc694e\" data-element_type=\"container\" data-e-type=\"container\">\n\t\t\t\t\t<div class=\"e-con-inner\">\n\t\t\t\t<div class=\"elementor-element elementor-element-4adeef0e elementor-widget elementor-widget-shortcode\" data-id=\"4adeef0e\" data-element_type=\"widget\" data-e-type=\"widget\" data-widget_type=\"shortcode.default\">\n\t\t\t\t<div class=\"elementor-widget-container\">\n\t\t\t\t\t\t\t<div class=\"elementor-shortcode\"><span><span><a href=\"https:\/\/hci.hs-kl.de\/\">Home<\/a><\/span><\/span><\/div>\n\t\t\t\t\t\t<\/div>\n\t\t\t\t<\/div>\n\t\t\t\t\t<\/div>\n\t\t\t\t<\/div>\n\t\t<div class=\"elementor-element elementor-element-1c15da71 e-flex e-con-boxed e-con e-parent\" data-id=\"1c15da71\" data-element_type=\"container\" data-e-type=\"container\">\n\t\t\t\t\t<div class=\"e-con-inner\">\n\t\t<div class=\"elementor-element elementor-element-43ab50c e-con-full e-flex e-con e-child\" data-id=\"43ab50c\" data-element_type=\"container\" data-e-type=\"container\">\n\t\t\t\t<div class=\"elementor-element elementor-element-fc24db6 elementor-widget elementor-widget-image\" data-id=\"fc24db6\" data-element_type=\"widget\" data-e-type=\"widget\" fetchpriority=\"\" loading=\"\" data-widget_type=\"image.default\">\n\t\t\t\t<div class=\"elementor-widget-container\">\n\t\t\t\t\t\t\t\t\t\t\t\t\t\t\t<img fetchpriority=\"high\" decoding=\"async\" width=\"2524\" height=\"1893\" src=\"https:\/\/hci.hs-kl.de\/wp-content\/uploads\/2025\/07\/P1030100.1.jpg\" class=\"attachment-full size-full wp-image-1027\" alt=\"Wer ist Selin Mamok?\" srcset=\"https:\/\/hci.hs-kl.de\/wp-content\/uploads\/2025\/07\/P1030100.1.jpg 2524w, https:\/\/hci.hs-kl.de\/wp-content\/uploads\/2025\/07\/P1030100.1-300x225.jpg 300w, https:\/\/hci.hs-kl.de\/wp-content\/uploads\/2025\/07\/P1030100.1-1024x768.jpg 1024w\" sizes=\"(max-width: 2524px) 100vw, 2524px\" \/>\t\t\t\t\t\t\t\t\t\t\t\t\t\t\t<\/div>\n\t\t\t\t<\/div>\n\t\t\t\t<div class=\"elementor-element elementor-element-8e7480c elementor-hidden-mobile elementor-widget elementor-widget-spacer\" data-id=\"8e7480c\" data-element_type=\"widget\" data-e-type=\"widget\" data-widget_type=\"spacer.default\">\n\t\t\t\t<div class=\"elementor-widget-container\">\n\t\t\t\t\t\t\t<div class=\"elementor-spacer\">\n\t\t\t<div class=\"elementor-spacer-inner\"><\/div>\n\t\t<\/div>\n\t\t\t\t\t\t<\/div>\n\t\t\t\t<\/div>\n\t\t\t\t<div class=\"elementor-element elementor-element-f8c0bfa elementor-tablet-align-start elementor-align-start elementor-mobile-align-start elementor-icon-list--layout-traditional elementor-list-item-link-full_width elementor-widget elementor-widget-icon-list\" data-id=\"f8c0bfa\" data-element_type=\"widget\" data-e-type=\"widget\" data-widget_type=\"icon-list.default\">\n\t\t\t\t<div class=\"elementor-widget-container\">\n\t\t\t\t\t\t\t<ul class=\"elementor-icon-list-items\">\n\t\t\t\t\t\t\t<li class=\"elementor-icon-list-item\">\n\t\t\t\t\t\t\t\t\t\t\t<a href=\"mailto:selin.mamok@hs-kl.de\">\n\n\t\t\t\t\t\t\t\t\t\t\t\t<span class=\"elementor-icon-list-icon\">\n\t\t\t\t\t\t\t<svg aria-hidden=\"true\" class=\"e-font-icon-svg e-fas-envelope\" viewBox=\"0 0 512 512\" xmlns=\"http:\/\/www.w3.org\/2000\/svg\"><path d=\"M502.3 190.8c3.9-3.1 9.7-.2 9.7 4.7V400c0 26.5-21.5 48-48 48H48c-26.5 0-48-21.5-48-48V195.6c0-5 5.7-7.8 9.7-4.7 22.4 17.4 52.1 39.5 154.1 113.6 21.1 15.4 56.7 47.8 92.2 47.6 35.7.3 72-32.8 92.3-47.6 102-74.1 131.6-96.3 154-113.7zM256 320c23.2.4 56.6-29.2 73.4-41.4 132.7-96.3 142.8-104.7 173.4-128.7 5.8-4.5 9.2-11.5 9.2-18.9v-19c0-26.5-21.5-48-48-48H48C21.5 64 0 85.5 0 112v19c0 7.4 3.4 14.3 9.2 18.9 30.6 23.9 40.7 32.4 173.4 128.7 16.8 12.2 50.2 41.8 73.4 41.4z\"><\/path><\/svg>\t\t\t\t\t\t<\/span>\n\t\t\t\t\t\t\t\t\t\t<span class=\"elementor-icon-list-text\">selin.mamok(at)hs-kl.de<\/span>\n\t\t\t\t\t\t\t\t\t\t\t<\/a>\n\t\t\t\t\t\t\t\t\t<\/li>\n\t\t\t\t\t\t\t\t<li class=\"elementor-icon-list-item\">\n\t\t\t\t\t\t\t\t\t\t\t<a href=\"tel:+49%20631%203724%20\u2013%205167\">\n\n\t\t\t\t\t\t\t\t\t\t\t\t<span class=\"elementor-icon-list-icon\">\n\t\t\t\t\t\t\t<svg aria-hidden=\"true\" class=\"e-font-icon-svg e-fas-phone\" viewBox=\"0 0 512 512\" xmlns=\"http:\/\/www.w3.org\/2000\/svg\"><path d=\"M493.4 24.6l-104-24c-11.3-2.6-22.9 3.3-27.5 13.9l-48 112c-4.2 9.8-1.4 21.3 6.9 28l60.6 49.6c-36 76.7-98.9 140.5-177.2 177.2l-49.6-60.6c-6.8-8.3-18.2-11.1-28-6.9l-112 48C3.9 366.5-2 378.1.6 389.4l24 104C27.1 504.2 36.7 512 48 512c256.1 0 464-207.5 464-464 0-11.2-7.7-20.9-18.6-23.4z\"><\/path><\/svg>\t\t\t\t\t\t<\/span>\n\t\t\t\t\t\t\t\t\t\t<span class=\"elementor-icon-list-text\">+49 631 3724 \u2013 5167<\/span>\n\t\t\t\t\t\t\t\t\t\t\t<\/a>\n\t\t\t\t\t\t\t\t\t<\/li>\n\t\t\t\t\t\t<\/ul>\n\t\t\t\t\t\t<\/div>\n\t\t\t\t<\/div>\n\t\t\t\t<div class=\"elementor-element elementor-element-34c76e8 elementor-hidden-desktop elementor-hidden-tablet elementor-widget elementor-widget-spacer\" data-id=\"34c76e8\" data-element_type=\"widget\" data-e-type=\"widget\" data-widget_type=\"spacer.default\">\n\t\t\t\t<div class=\"elementor-widget-container\">\n\t\t\t\t\t\t\t<div class=\"elementor-spacer\">\n\t\t\t<div class=\"elementor-spacer-inner\"><\/div>\n\t\t<\/div>\n\t\t\t\t\t\t<\/div>\n\t\t\t\t<\/div>\n\t\t\t\t<\/div>\n\t\t\t\t<div class=\"elementor-element elementor-element-2d574677 elementor-widget elementor-widget-spacer\" data-id=\"2d574677\" data-element_type=\"widget\" data-e-type=\"widget\" data-widget_type=\"spacer.default\">\n\t\t\t\t<div class=\"elementor-widget-container\">\n\t\t\t\t\t\t\t<div class=\"elementor-spacer\">\n\t\t\t<div class=\"elementor-spacer-inner\"><\/div>\n\t\t<\/div>\n\t\t\t\t\t\t<\/div>\n\t\t\t\t<\/div>\n\t\t<div class=\"elementor-element elementor-element-5af1b80d e-con-full e-flex e-con e-child\" data-id=\"5af1b80d\" data-element_type=\"container\" data-e-type=\"container\">\n\t\t\t\t<div class=\"elementor-element elementor-element-3ab35830 elementor-widget elementor-widget-heading\" data-id=\"3ab35830\" data-element_type=\"widget\" data-e-type=\"widget\" data-widget_type=\"heading.default\">\n\t\t\t\t<div class=\"elementor-widget-container\">\n\t\t\t\t\t<h1 class=\"elementor-heading-title elementor-size-default\">Selin Mamok<\/h1>\t\t\t\t<\/div>\n\t\t\t\t<\/div>\n\t\t\t\t<div class=\"elementor-element elementor-element-35bede50 elementor-widget elementor-widget-text-editor\" data-id=\"35bede50\" data-element_type=\"widget\" data-e-type=\"widget\" data-widget_type=\"text-editor.default\">\n\t\t\t\t<div class=\"elementor-widget-container\">\n\t\t\t\t\t\t\t\t\t<p data-start=\"130\" data-end=\"428\">Selin Mamok (B.Sc.) ist am Campus Zweibr\u00fccken der Hochschule Kaiserslautern t\u00e4tig. Im Projekt MINT-SPASS verantwortet sie die Bereiche Social Media, \u00d6ffentlichkeitsarbeit sowie die Organisation und Durchf\u00fchrung von Workshops und Veranstaltungen f\u00fcr Kinder, Jugendliche und Eltern.<\/p><p data-start=\"430\" data-end=\"768\">Von M\u00e4rz bis August 2025 \u00fcbernahm sie zus\u00e4tzlich das Studiengangsmarketing f\u00fcr den Studiengang Digital Engineering am Standort Germersheim \u2013 mit Fokus auf Social Media, Zielgruppenansprache und Veranstaltungsplanung. <\/p><p data-start=\"430\" data-end=\"768\">Seit September 2025 ist sie f\u00fcr das zentrale Studiengangsmarketing f\u00fcr den Campus Zweibr\u00fccken verantwortlich. Dort k\u00fcmmert sie sich neben dem Social-Media-Kanal um alle anfallenden Themen, die Marketing-Expertise ben\u00f6tigen: Eventplanung- und Umsetzung, Ausstattung der Professor:innen und Mitarbeitenden mit Printwerbemitteln inkl. Designerstellung und Bestellung, Erstellung von Studiengangsseiten, Einrichtung von R\u00e4umlichkeiten und vielem mehr. Dabei arbeitet sie Seite an Seite mit dem Dekan und dem gesamten Dekanatsteam des Fachbereichs Informatik &amp; Mikrosystemtechnik.<\/p>\t\t\t\t\t\t\t\t<\/div>\n\t\t\t\t<\/div>\n\t\t\t\t<\/div>\n\t\t\t\t\t<\/div>\n\t\t\t\t<\/div>\n\t\t<div class=\"elementor-element elementor-element-45694d84 e-flex e-con-boxed e-con e-parent\" data-id=\"45694d84\" data-element_type=\"container\" data-e-type=\"container\">\n\t\t\t\t\t<div class=\"e-con-inner\">\n\t\t\t\t<div class=\"elementor-element elementor-element-6da69233 elementor-hidden-mobile elementor-widget elementor-widget-spacer\" data-id=\"6da69233\" data-element_type=\"widget\" data-e-type=\"widget\" data-widget_type=\"spacer.default\">\n\t\t\t\t<div class=\"elementor-widget-container\">\n\t\t\t\t\t\t\t<div class=\"elementor-spacer\">\n\t\t\t<div class=\"elementor-spacer-inner\"><\/div>\n\t\t<\/div>\n\t\t\t\t\t\t<\/div>\n\t\t\t\t<\/div>\n\t\t\t\t<div class=\"elementor-element elementor-element-3ed4d777 elementor-widget elementor-widget-button\" data-id=\"3ed4d777\" data-element_type=\"widget\" data-e-type=\"widget\" data-widget_type=\"button.default\">\n\t\t\t\t<div class=\"elementor-widget-container\">\n\t\t\t\t\t\t\t\t\t<div class=\"elementor-button-wrapper\">\n\t\t\t\t\t<a class=\"elementor-button elementor-button-link elementor-size-sm\" href=\"https:\/\/hci.hs-kl.de\/index.php\/team\/\">\n\t\t\t\t\t\t<span class=\"elementor-button-content-wrapper\">\n\t\t\t\t\t\t\t\t\t<span class=\"elementor-button-text\">zur\u00fcck<\/span>\n\t\t\t\t\t<\/span>\n\t\t\t\t\t<\/a>\n\t\t\t\t<\/div>\n\t\t\t\t\t\t\t\t<\/div>\n\t\t\t\t<\/div>\n\t\t\t\t\t<\/div>\n\t\t\t\t<\/div>\n\t\t\t\t<\/div>\n\t\t","protected":false},"excerpt":{"rendered":"<p>selin.mamok(at)hs-kl.de +49 631 3724 \u2013 5167 Selin Mamok Selin Mamok (B.Sc.) ist am Campus Zweibr\u00fccken der Hochschule Kaiserslautern t\u00e4tig. Im Projekt MINT-SPASS verantwortet sie die Bereiche Social Media, \u00d6ffentlichkeitsarbeit sowie die Organisation und Durchf\u00fchrung von Workshops und Veranstaltungen f\u00fcr Kinder, Jugendliche und Eltern. Von M\u00e4rz bis August 2025 \u00fcbernahm sie zus\u00e4tzlich das Studiengangsmarketing f\u00fcr den&#8230;<\/p>\n","protected":false},"author":1,"featured_media":0,"parent":89,"menu_order":0,"comment_status":"closed","ping_status":"closed","template":"","meta":{"iawp_total_views":35,"footnotes":""},"class_list":["post-1108","page","type-page","status-publish","hentry"],"yoast_head":"<!-- This site is optimized with the Yoast SEO plugin v27.4 - https:\/\/yoast.com\/product\/yoast-seo-wordpress\/ -->\n<title>Selin Mamok - HCI2B-Group<\/title>\n<meta name=\"description\" content=\"Selin Mamok ist verantwortlich f\u00fcr Social Media, \u00d6ffentlichkeitsarbeit, Organisation und Durchf\u00fchrung von Workshops f\u00fcr MINT-SPASS.\" \/>\n<meta name=\"robots\" content=\"index, follow, max-snippet:-1, max-image-preview:large, max-video-preview:-1\" \/>\n<link rel=\"canonical\" href=\"https:\/\/hci.hs-kl.de\/index.php\/team\/selin-mamok\/\" \/>\n<meta property=\"og:locale\" content=\"de_DE\" \/>\n<meta property=\"og:type\" content=\"article\" \/>\n<meta property=\"og:title\" content=\"Selin Mamok - HCI2B-Group\" \/>\n<meta property=\"og:description\" content=\"Selin Mamok ist verantwortlich f\u00fcr Social Media, \u00d6ffentlichkeitsarbeit, Organisation und Durchf\u00fchrung von Workshops f\u00fcr MINT-SPASS.\" \/>\n<meta property=\"og:url\" content=\"https:\/\/hci.hs-kl.de\/index.php\/team\/selin-mamok\/\" \/>\n<meta property=\"og:site_name\" content=\"HCI2B-Group\" \/>\n<meta property=\"article:modified_time\" content=\"2026-03-12T10:43:47+00:00\" \/>\n<meta property=\"og:image\" content=\"https:\/\/hci.hs-kl.de\/wp-content\/uploads\/2025\/07\/P1030100.1.jpg\" \/>\n\t<meta property=\"og:image:width\" content=\"2524\" \/>\n\t<meta property=\"og:image:height\" content=\"1893\" \/>\n\t<meta property=\"og:image:type\" content=\"image\/jpeg\" \/>\n<meta name=\"twitter:card\" content=\"summary_large_image\" \/>\n<meta name=\"twitter:label1\" content=\"Gesch\u00e4tzte Lesezeit\" \/>\n\t<meta name=\"twitter:data1\" content=\"1\u00a0Minute\" \/>\n<script type=\"application\/ld+json\" class=\"yoast-schema-graph\">{\"@context\":\"https:\\\/\\\/schema.org\",\"@graph\":[{\"@type\":\"WebPage\",\"@id\":\"https:\\\/\\\/hci.hs-kl.de\\\/index.php\\\/team\\\/selin-mamok\\\/\",\"url\":\"https:\\\/\\\/hci.hs-kl.de\\\/index.php\\\/team\\\/selin-mamok\\\/\",\"name\":\"Selin Mamok - HCI2B-Group\",\"isPartOf\":{\"@id\":\"https:\\\/\\\/hci.hs-kl.de\\\/#website\"},\"primaryImageOfPage\":{\"@id\":\"https:\\\/\\\/hci.hs-kl.de\\\/index.php\\\/team\\\/selin-mamok\\\/#primaryimage\"},\"image\":{\"@id\":\"https:\\\/\\\/hci.hs-kl.de\\\/index.php\\\/team\\\/selin-mamok\\\/#primaryimage\"},\"thumbnailUrl\":\"https:\\\/\\\/hci.hs-kl.de\\\/wp-content\\\/uploads\\\/2025\\\/07\\\/P1030100.1-1024x768.jpg\",\"datePublished\":\"2025-07-14T12:31:16+00:00\",\"dateModified\":\"2026-03-12T10:43:47+00:00\",\"description\":\"Selin Mamok ist verantwortlich f\u00fcr Social Media, \u00d6ffentlichkeitsarbeit, Organisation und Durchf\u00fchrung von Workshops f\u00fcr MINT-SPASS.\",\"breadcrumb\":{\"@id\":\"https:\\\/\\\/hci.hs-kl.de\\\/index.php\\\/team\\\/selin-mamok\\\/#breadcrumb\"},\"inLanguage\":\"de\",\"potentialAction\":[{\"@type\":\"ReadAction\",\"target\":[\"https:\\\/\\\/hci.hs-kl.de\\\/index.php\\\/team\\\/selin-mamok\\\/\"]}]},{\"@type\":\"ImageObject\",\"inLanguage\":\"de\",\"@id\":\"https:\\\/\\\/hci.hs-kl.de\\\/index.php\\\/team\\\/selin-mamok\\\/#primaryimage\",\"url\":\"https:\\\/\\\/hci.hs-kl.de\\\/wp-content\\\/uploads\\\/2025\\\/07\\\/P1030100.1.jpg\",\"contentUrl\":\"https:\\\/\\\/hci.hs-kl.de\\\/wp-content\\\/uploads\\\/2025\\\/07\\\/P1030100.1.jpg\",\"width\":2524,\"height\":1893,\"caption\":\"Hat Digital Media Marketing an der Hochschule Kaiserslautern studiert und sich auf Social Media & Media Marketing spezialisiert.\"},{\"@type\":\"BreadcrumbList\",\"@id\":\"https:\\\/\\\/hci.hs-kl.de\\\/index.php\\\/team\\\/selin-mamok\\\/#breadcrumb\",\"itemListElement\":[{\"@type\":\"ListItem\",\"position\":1,\"name\":\"Home\",\"item\":\"https:\\\/\\\/hci.hs-kl.de\\\/\"},{\"@type\":\"ListItem\",\"position\":2,\"name\":\"HCI2B Group\",\"item\":\"https:\\\/\\\/hci.hs-kl.de\\\/index.php\\\/team\\\/\"},{\"@type\":\"ListItem\",\"position\":3,\"name\":\"Selin Mamok\"}]},{\"@type\":\"WebSite\",\"@id\":\"https:\\\/\\\/hci.hs-kl.de\\\/#website\",\"url\":\"https:\\\/\\\/hci.hs-kl.de\\\/\",\"name\":\"HCI2B-Group\",\"description\":\"Website der HCI2B-Group der Hochschule Kaiserslautern\",\"publisher\":{\"@id\":\"https:\\\/\\\/hci.hs-kl.de\\\/#organization\"},\"potentialAction\":[{\"@type\":\"SearchAction\",\"target\":{\"@type\":\"EntryPoint\",\"urlTemplate\":\"https:\\\/\\\/hci.hs-kl.de\\\/?s={search_term_string}\"},\"query-input\":{\"@type\":\"PropertyValueSpecification\",\"valueRequired\":true,\"valueName\":\"search_term_string\"}}],\"inLanguage\":\"de\"},{\"@type\":\"Organization\",\"@id\":\"https:\\\/\\\/hci.hs-kl.de\\\/#organization\",\"name\":\"HCI2B-Group\",\"url\":\"https:\\\/\\\/hci.hs-kl.de\\\/\",\"logo\":{\"@type\":\"ImageObject\",\"inLanguage\":\"de\",\"@id\":\"https:\\\/\\\/hci.hs-kl.de\\\/#\\\/schema\\\/logo\\\/image\\\/\",\"url\":\"https:\\\/\\\/hci.hs-kl.de\\\/wp-content\\\/uploads\\\/2025\\\/05\\\/HCI2B_blue_300dpi-1.png\",\"contentUrl\":\"https:\\\/\\\/hci.hs-kl.de\\\/wp-content\\\/uploads\\\/2025\\\/05\\\/HCI2B_blue_300dpi-1.png\",\"width\":1063,\"height\":1063,\"caption\":\"HCI2B-Group\"},\"image\":{\"@id\":\"https:\\\/\\\/hci.hs-kl.de\\\/#\\\/schema\\\/logo\\\/image\\\/\"}}]}<\/script>\n<!-- \/ Yoast SEO plugin. -->","yoast_head_json":{"title":"Selin Mamok - HCI2B-Group","description":"Selin Mamok ist verantwortlich f\u00fcr Social Media, \u00d6ffentlichkeitsarbeit, Organisation und Durchf\u00fchrung von Workshops f\u00fcr MINT-SPASS.","robots":{"index":"index","follow":"follow","max-snippet":"max-snippet:-1","max-image-preview":"max-image-preview:large","max-video-preview":"max-video-preview:-1"},"canonical":"https:\/\/hci.hs-kl.de\/index.php\/team\/selin-mamok\/","og_locale":"de_DE","og_type":"article","og_title":"Selin Mamok - HCI2B-Group","og_description":"Selin Mamok ist verantwortlich f\u00fcr Social Media, \u00d6ffentlichkeitsarbeit, Organisation und Durchf\u00fchrung von Workshops f\u00fcr MINT-SPASS.","og_url":"https:\/\/hci.hs-kl.de\/index.php\/team\/selin-mamok\/","og_site_name":"HCI2B-Group","article_modified_time":"2026-03-12T10:43:47+00:00","og_image":[{"width":2524,"height":1893,"url":"https:\/\/hci.hs-kl.de\/wp-content\/uploads\/2025\/07\/P1030100.1.jpg","type":"image\/jpeg"}],"twitter_card":"summary_large_image","twitter_misc":{"Gesch\u00e4tzte Lesezeit":"1\u00a0Minute"},"schema":{"@context":"https:\/\/schema.org","@graph":[{"@type":"WebPage","@id":"https:\/\/hci.hs-kl.de\/index.php\/team\/selin-mamok\/","url":"https:\/\/hci.hs-kl.de\/index.php\/team\/selin-mamok\/","name":"Selin Mamok - HCI2B-Group","isPartOf":{"@id":"https:\/\/hci.hs-kl.de\/#website"},"primaryImageOfPage":{"@id":"https:\/\/hci.hs-kl.de\/index.php\/team\/selin-mamok\/#primaryimage"},"image":{"@id":"https:\/\/hci.hs-kl.de\/index.php\/team\/selin-mamok\/#primaryimage"},"thumbnailUrl":"https:\/\/hci.hs-kl.de\/wp-content\/uploads\/2025\/07\/P1030100.1-1024x768.jpg","datePublished":"2025-07-14T12:31:16+00:00","dateModified":"2026-03-12T10:43:47+00:00","description":"Selin Mamok ist verantwortlich f\u00fcr Social Media, \u00d6ffentlichkeitsarbeit, Organisation und Durchf\u00fchrung von Workshops f\u00fcr MINT-SPASS.","breadcrumb":{"@id":"https:\/\/hci.hs-kl.de\/index.php\/team\/selin-mamok\/#breadcrumb"},"inLanguage":"de","potentialAction":[{"@type":"ReadAction","target":["https:\/\/hci.hs-kl.de\/index.php\/team\/selin-mamok\/"]}]},{"@type":"ImageObject","inLanguage":"de","@id":"https:\/\/hci.hs-kl.de\/index.php\/team\/selin-mamok\/#primaryimage","url":"https:\/\/hci.hs-kl.de\/wp-content\/uploads\/2025\/07\/P1030100.1.jpg","contentUrl":"https:\/\/hci.hs-kl.de\/wp-content\/uploads\/2025\/07\/P1030100.1.jpg","width":2524,"height":1893,"caption":"Hat Digital Media Marketing an der Hochschule Kaiserslautern studiert und sich auf Social Media & Media Marketing spezialisiert."},{"@type":"BreadcrumbList","@id":"https:\/\/hci.hs-kl.de\/index.php\/team\/selin-mamok\/#breadcrumb","itemListElement":[{"@type":"ListItem","position":1,"name":"Home","item":"https:\/\/hci.hs-kl.de\/"},{"@type":"ListItem","position":2,"name":"HCI2B Group","item":"https:\/\/hci.hs-kl.de\/index.php\/team\/"},{"@type":"ListItem","position":3,"name":"Selin Mamok"}]},{"@type":"WebSite","@id":"https:\/\/hci.hs-kl.de\/#website","url":"https:\/\/hci.hs-kl.de\/","name":"HCI2B-Group","description":"Website der HCI2B-Group der Hochschule Kaiserslautern","publisher":{"@id":"https:\/\/hci.hs-kl.de\/#organization"},"potentialAction":[{"@type":"SearchAction","target":{"@type":"EntryPoint","urlTemplate":"https:\/\/hci.hs-kl.de\/?s={search_term_string}"},"query-input":{"@type":"PropertyValueSpecification","valueRequired":true,"valueName":"search_term_string"}}],"inLanguage":"de"},{"@type":"Organization","@id":"https:\/\/hci.hs-kl.de\/#organization","name":"HCI2B-Group","url":"https:\/\/hci.hs-kl.de\/","logo":{"@type":"ImageObject","inLanguage":"de","@id":"https:\/\/hci.hs-kl.de\/#\/schema\/logo\/image\/","url":"https:\/\/hci.hs-kl.de\/wp-content\/uploads\/2025\/05\/HCI2B_blue_300dpi-1.png","contentUrl":"https:\/\/hci.hs-kl.de\/wp-content\/uploads\/2025\/05\/HCI2B_blue_300dpi-1.png","width":1063,"height":1063,"caption":"HCI2B-Group"},"image":{"@id":"https:\/\/hci.hs-kl.de\/#\/schema\/logo\/image\/"}}]}},"_links":{"self":[{"href":"https:\/\/hci.hs-kl.de\/index.php\/wp-json\/wp\/v2\/pages\/1108","targetHints":{"allow":["GET"]}}],"collection":[{"href":"https:\/\/hci.hs-kl.de\/index.php\/wp-json\/wp\/v2\/pages"}],"about":[{"href":"https:\/\/hci.hs-kl.de\/index.php\/wp-json\/wp\/v2\/types\/page"}],"author":[{"embeddable":true,"href":"https:\/\/hci.hs-kl.de\/index.php\/wp-json\/wp\/v2\/users\/1"}],"replies":[{"embeddable":true,"href":"https:\/\/hci.hs-kl.de\/index.php\/wp-json\/wp\/v2\/comments?post=1108"}],"version-history":[{"count":18,"href":"https:\/\/hci.hs-kl.de\/index.php\/wp-json\/wp\/v2\/pages\/1108\/revisions"}],"predecessor-version":[{"id":5205,"href":"https:\/\/hci.hs-kl.de\/index.php\/wp-json\/wp\/v2\/pages\/1108\/revisions\/5205"}],"up":[{"embeddable":true,"href":"https:\/\/hci.hs-kl.de\/index.php\/wp-json\/wp\/v2\/pages\/89"}],"wp:attachment":[{"href":"https:\/\/hci.hs-kl.de\/index.php\/wp-json\/wp\/v2\/media?parent=1108"}],"curies":[{"name":"wp","href":"https:\/\/api.w.org\/{rel}","templated":true}]}}